{"id":127,"date":"2026-04-03T17:10:13","date_gmt":"2026-04-03T15:10:13","guid":{"rendered":"https:\/\/www.malvesenminervois.fr\/?page_id=127"},"modified":"2026-04-07T17:20:58","modified_gmt":"2026-04-07T15:20:58","slug":"rpi-malves-bagnoles-villarzel","status":"publish","type":"page","link":"https:\/\/www.malvesenminervois.fr\/index.php\/rpi-malves-bagnoles-villarzel\/","title":{"rendered":"L\u2019\u00e9cole du village"},"content":{"rendered":"\n<section class=\"wp-block-group alignfull is-style-default is-layout-flow wp-block-group-is-layout-flow\" style=\"margin-top:0;margin-bottom:0;padding-top:0;padding-bottom:0\">\n<div style=\"aspect-ratio:19\/9;min-height:unset;\" class=\"wp-block-cover aspect-xs-square has-aspect-ratio\"><img loading=\"lazy\" decoding=\"async\" width=\"1024\" height=\"576\" class=\"wp-block-cover__image-background wp-image-128 size-large\" alt=\"\" src=\"https:\/\/www.malvesenminervois.fr\/wp-content\/uploads\/2026\/04\/DJI_0099-1024x576.jpg\" data-object-fit=\"cover\" srcset=\"https:\/\/www.malvesenminervois.fr\/wp-content\/uploads\/2026\/04\/DJI_0099-1024x576.jpg 1024w, https:\/\/www.malvesenminervois.fr\/wp-content\/uploads\/2026\/04\/DJI_0099-300x169.jpg 300w, https:\/\/www.malvesenminervois.fr\/wp-content\/uploads\/2026\/04\/DJI_0099-768x432.jpg 768w, https:\/\/www.malvesenminervois.fr\/wp-content\/uploads\/2026\/04\/DJI_0099-1536x864.jpg 1536w, https:\/\/www.malvesenminervois.fr\/wp-content\/uploads\/2026\/04\/DJI_0099-2048x1152.jpg 2048w\" sizes=\"auto, (max-width: 1024px) 100vw, 1024px\" \/><span aria-hidden=\"true\" class=\"wp-block-cover__background has-black-background-color has-background-dim\"><\/span><div class=\"wp-block-cover__inner-container has-global-padding is-layout-constrained wp-block-cover-is-layout-constrained\">\n<div class=\"wp-block-group alignwide is-layout-flow wp-block-group-is-layout-flow\">\n<h2 class=\"wp-block-heading is-style-text-summary is-style-text-summary--1\" style=\"font-style:normal;font-weight:200;line-height:1\">RPI Malves Bagnoles Villarzel<\/h2>\n\n\n\n<div class=\"wp-block-group is-layout-flow wp-container-core-group-is-layout-26ef70db wp-block-group-is-layout-flow\">\n<h1 class=\"wp-block-heading is-style-text-callout is-style-text-callout--2\">\u00c9cole Pierre Perret<\/h1>\n<\/div>\n\n\n\n<div class=\"wp-block-buttons is-content-justification-left is-layout-flex wp-container-core-buttons-is-layout-fc4fd283 wp-block-buttons-is-layout-flex\"><\/div>\n<\/div>\n<\/div><\/div>\n<\/section>\n\n\n\n<section class=\"wp-block-group alignfull is-style-default has-global-padding is-layout-constrained wp-block-group-is-layout-constrained\" style=\"margin-top:0;margin-bottom:0;padding-top:var(--wp--preset--spacing--120);padding-bottom:var(--wp--preset--spacing--120)\">\n<div class=\"wp-block-group alignwide has-c-50-background-color has-background is-layout-flow wp-container-core-group-is-layout-6e9d347c wp-block-group-is-layout-flow\">\n<div class=\"wp-block-group is-layout-flow wp-block-group-is-layout-flow\">\n<div class=\"wp-block-columns is-layout-flex wp-container-core-columns-is-layout-46dc1dd9 wp-block-columns-is-layout-flex\">\n<div class=\"wp-block-column is-layout-flow wp-block-column-is-layout-flow\">\n<div class=\"wp-block-group is-vertical is-layout-flex wp-container-core-group-is-layout-fe9cc265 wp-block-group-is-layout-flex\">\n<p class=\"is-style-text-aware-1 is-style-text-subtitle-2 has-secondary-800-color has-text-color has-link-color wp-elements-7a8df5109ecfe503b020dc7f25d2e21e is-style-text-subtitle-2--3\">Cr\u00e9\u00e9 en 1992, le R.P.I.&nbsp;regroupe trois villages :<\/p>\n\n\n\n<ul class=\"wp-block-list\">\n<li>Malves-en-Minervois,<\/li>\n\n\n\n<li>Bagnoles,<\/li>\n\n\n\n<li>Villarzel-Cabard\u00e8s.<\/li>\n<\/ul>\n\n\n\n<p>L&rsquo;enseignement est dispens\u00e9 sur deux sites :<\/p>\n\n\n\n<ul class=\"wp-block-list\">\n<li>L&rsquo;\u00e9cole primaire Pierre Perret de Malves-en-Minervois avec 2 classes maternelles (PS, MS, GS)&nbsp;et&nbsp;2&nbsp;classes&nbsp;\u00e9l\u00e9mentaires (CP,&nbsp;CE1,CE2)&nbsp;<\/li>\n\n\n\n<li>Ecole \u00e9l\u00e9mentaire de Bagnoles avec 2 classes \u00e9l\u00e9mentaires (CE2,&nbsp;CM1, CM2)&nbsp;<\/li>\n<\/ul>\n\n\n\n<p class=\"is-style-text-aware-1 is-style-text-subtitle-2 has-secondary-800-color has-text-color has-link-color wp-elements-67fb73ef66378e8f001ab2d4f1f1f017 is-style-text-subtitle-2--4\">Il est assur\u00e9 par Madame BENNES Claudine (directrice de Malves), Monsieur DEROIN J\u00e9r\u00f4me,&nbsp;Madame OBERDORFF C\u00e9cile, Madame SABATHE Justine, Madame BLAISE Sylvie (directrice de Bagnoles)&nbsp;et Madame NEGRE Fr\u00e9d\u00e9rique.<br><br><br><\/p>\n<\/div>\n\n\n\n<div class=\"wp-block-group is-vertical is-layout-flex wp-container-core-group-is-layout-fe9cc265 wp-block-group-is-layout-flex\">\n<h2 class=\"wp-block-heading\">Admissions et inscriptions<\/h2>\n\n\n\n<p>Lieu d&rsquo;inscription \u00e0 la Mairie du lieu de r\u00e9sidence;<br><br>Pi\u00e8ces \u00e0 fournir:<\/p>\n\n\n\n<ul class=\"wp-block-list\">\n<li>copie du livret de famille<\/li>\n\n\n\n<li>copie du carnet de vaccination<\/li>\n\n\n\n<li>justificatif de domicile sur la commune<\/li>\n\n\n\n<li>certificat de radiation si changement de commune<\/li>\n<\/ul>\n\n\n\n<p class=\"has-minute-font-size\">A noter:<\/p>\n\n\n\n<p class=\"has-minute-font-size\"><em>Les parents transmettent au directeur le certificat d\u2019inscription d\u00e9livr\u00e9 par le Maire de la commune de&nbsp;domicile.<\/em><\/p>\n\n\n\n<p class=\"has-minute-font-size\"><em>Aucun enfant ne peut \u00eatre inscrit d\u00e9finitivement si la famille n\u2019a pu pr\u00e9senter les pi\u00e8ces \u00e9num\u00e9r\u00e9es ci-dessus.<\/em><\/p>\n\n\n\n<p class=\"has-minute-font-size\"><em>L\u2019inscription d\u2019un enfant dans les \u00e9coles du R.P.I. n\u2019a pas \u00e0 \u00eatre renouvel\u00e9e chaque ann\u00e9e, elle&nbsp;est&nbsp;reconduite automatiquement.<\/em><\/p>\n<\/div>\n<\/div>\n<\/div>\n<\/div>\n<\/div>\n<\/section>\n\n\n\n<section class=\"wp-block-group alignfull is-style-section-2 has-global-padding is-layout-constrained wp-block-group-is-layout-constrained is-style-section-2--5\" style=\"margin-top:0;margin-bottom:0;padding-top:var(--wp--preset--spacing--120);padding-bottom:var(--wp--preset--spacing--120)\">\n<div class=\"wp-block-group alignwide has-c-50-background-color has-background is-layout-flow wp-container-core-group-is-layout-6e9d347c wp-block-group-is-layout-flow\">\n<div class=\"wp-block-group is-layout-flow wp-block-group-is-layout-flow\">\n<div class=\"wp-block-group is-layout-grid wp-container-core-group-is-layout-573783f7 wp-block-group-is-layout-grid\">\n<div class=\"wp-block-group is-style-section-1 no-underline wp-container-content-1419656f is-vertical is-content-justification-center is-layout-flex wp-container-core-group-is-layout-428b0a64 wp-block-group-is-layout-flex is-style-section-1--6\" style=\"border-radius:12px;min-height:100%;padding-top:var(--wp--preset--spacing--24);padding-right:var(--wp--preset--spacing--24);padding-bottom:var(--wp--preset--spacing--24);padding-left:var(--wp--preset--spacing--24)\">\n<div class=\"wp-block-group has-global-padding is-layout-constrained wp-block-group-is-layout-constrained\">\n<h3 class=\"wp-block-heading has-text-align-center is-style-text-aware-1 is-style-text-subtitle-2 has-secondary-800-color has-text-color has-link-color wp-elements-e752922bf19c943864f470709085bd68 is-style-text-subtitle-2--7\">R\u00e8glement des \u00e9coles du RPI<\/h3>\n<\/div>\n\n\n\n<div class=\"wp-block-group is-style-text-note is-layout-flow wp-block-group-is-layout-flow\">\n<div class=\"wp-block-file aligncenter\"><a href=\"https:\/\/www.malvesenminervois.fr\/wp-content\/uploads\/2026\/04\/20192020reglement-des-ecoles-du-rpi-malves-bagnoles-villarzel-1.pdf\" class=\"wp-block-file__button wp-element-button\" download>T\u00e9l\u00e9charger<\/a><\/div>\n<\/div>\n<\/div>\n\n\n\n<div class=\"wp-block-group is-style-section-1 no-underline is-vertical is-content-justification-stretch is-layout-flex wp-container-core-group-is-layout-2f51b870 wp-block-group-is-layout-flex is-style-section-1--8\" style=\"border-radius:12px;min-height:100%;padding-top:var(--wp--preset--spacing--24);padding-right:var(--wp--preset--spacing--24);padding-bottom:var(--wp--preset--spacing--24);padding-left:var(--wp--preset--spacing--24)\">\n<div class=\"wp-block-group has-global-padding is-layout-constrained wp-block-group-is-layout-constrained\">\n<div class=\"wp-block-group is-nowrap is-layout-flex wp-container-core-group-is-layout-e088cbc5 wp-block-group-is-layout-flex\" style=\"line-height:1\">\n<h4 class=\"wp-block-heading is-style-text-aware-1 is-style-text-subtitle-2 has-secondary-800-color has-text-color has-link-color wp-elements-9e1a6396352a66cf494cbd954459d9e9 is-style-text-subtitle-2--9\">Contacts<\/h4>\n<\/div>\n<\/div>\n\n\n\n<div class=\"wp-block-group has-global-padding is-layout-constrained wp-container-core-group-is-layout-50706169 wp-block-group-is-layout-constrained\">\n<div class=\"wp-block-group is-nowrap is-layout-flex wp-container-core-group-is-layout-e088cbc5 wp-block-group-is-layout-flex\" style=\"line-height:1\">\n<figure class=\"wp-block-image size-full is-resized is-style-icon-aware-1\"><img decoding=\"async\" src=\"https:\/\/www.malvesenminervois.fr\/wp-content\/themes\/city-town\/assets\/icons\/phone-solid-dark.webp\" alt=\"\" style=\"width:20px\"\/><\/figure>\n\n\n\n<p class=\"is-style-text-aware-1 is-style-text-note has-secondary-800-color has-text-color has-link-color wp-elements-942983752664ce78de76b556e5551163 is-style-text-note--10\">Ecole Primaire Pierre PERRET:<br>Avenue du Ch\u00e2teau<br>11600 Malves-en-Minervois<br><strong>0468722921<\/strong><br><\/p>\n<\/div>\n\n\n\n<div class=\"wp-block-group is-nowrap is-layout-flex wp-container-core-group-is-layout-e088cbc5 wp-block-group-is-layout-flex\" style=\"line-height:1\">\n<figure class=\"wp-block-image size-full is-resized is-style-icon-aware-1\"><img decoding=\"async\" src=\"https:\/\/www.malvesenminervois.fr\/wp-content\/themes\/city-town\/assets\/icons\/phone-solid-dark.webp\" alt=\"\" style=\"width:20px\"\/><\/figure>\n\n\n\n<p class=\"is-style-text-aware-1 is-style-text-note has-secondary-800-color has-text-color has-link-color wp-elements-26eb6b021ca9f71416bd64a5b08cc585 is-style-text-note--11\">\u00c9cole \u00e9l\u00e9mentaire:<br>Route de la Fabrique<br>11600 Bagnoles<br><strong>0468775199<\/strong><\/p>\n<\/div>\n<\/div>\n<\/div>\n\n\n\n<div class=\"wp-block-group is-style-section-1 no-underline wp-container-content-1419656f is-vertical is-content-justification-stretch is-layout-flex wp-container-core-group-is-layout-2f51b870 wp-block-group-is-layout-flex is-style-section-1--12\" style=\"border-radius:12px;min-height:100%;padding-top:var(--wp--preset--spacing--24);padding-right:var(--wp--preset--spacing--24);padding-bottom:var(--wp--preset--spacing--24);padding-left:var(--wp--preset--spacing--24)\">\n<div class=\"wp-block-group has-global-padding is-layout-constrained wp-block-group-is-layout-constrained\">\n<div class=\"wp-block-group is-nowrap is-layout-flex wp-container-core-group-is-layout-e088cbc5 wp-block-group-is-layout-flex\" style=\"line-height:1\">\n<h4 class=\"wp-block-heading is-style-text-aware-1 is-style-text-subtitle-2 has-secondary-800-color has-text-color has-link-color wp-elements-71f60d07b25ba3d52597bfba7a186e06 is-style-text-subtitle-2--13\">Horaires de l&rsquo;\u00e9cole<\/h4>\n<\/div>\n<\/div>\n\n\n\n<p class=\"is-style-text-note is-style-text-note--14\"><strong>Lundi, Mardi, Jeudi, Vendredi:<\/strong><br>8h30-12h et 13h55-16h25<\/p>\n\n\n\n<hr class=\"wp-block-separator has-alpha-channel-opacity\"\/>\n\n\n\n<h4 class=\"wp-block-heading is-style-text-aware-1 is-style-text-subtitle-2 has-secondary-800-color has-text-color has-link-color wp-elements-ca9b607e2446771d88e8b0c56d892f8d is-style-text-subtitle-2--15\">Horaires de l&rsquo;ALAE<\/h4>\n\n\n\n<p class=\"is-style-text-note is-style-text-note--16\"><strong>Lundi, Mardi, Jeudi, Vendredi:<\/strong><br>7h30-8h20 \/ 12h-13h45 \/ 16h25-18h30<\/p>\n<\/div>\n\n\n\n<div class=\"wp-block-group is-style-section-1 no-underline wp-container-content-1419656f is-vertical is-content-justification-center is-layout-flex wp-container-core-group-is-layout-428b0a64 wp-block-group-is-layout-flex is-style-section-1--17\" style=\"border-radius:12px;min-height:100%;padding-top:var(--wp--preset--spacing--24);padding-right:var(--wp--preset--spacing--24);padding-bottom:var(--wp--preset--spacing--24);padding-left:var(--wp--preset--spacing--24)\">\n<div class=\"wp-block-group has-global-padding is-layout-constrained wp-block-group-is-layout-constrained\">\n<div class=\"wp-block-group is-nowrap is-layout-flex wp-container-core-group-is-layout-e088cbc5 wp-block-group-is-layout-flex\" style=\"line-height:1\">\n<h4 class=\"wp-block-heading is-style-text-aware-1 is-style-text-subtitle-2 has-secondary-800-color has-text-color has-link-color wp-elements-1e8128c6702bc3bda932337be050b9dd is-style-text-subtitle-2--18\">Horaires ramassage scolaire<\/h4>\n<\/div>\n<\/div>\n\n\n\n<p class=\"is-style-text-note is-style-text-note--19\"><strong>Lundi, Mardi, Jeudi, Vendredi:<\/strong><br><em>Villarzel-Cabard\u00e8s:<\/em> 8h10 \/ 16h55<br><em>\u00c9cole de Malves:<\/em> 8h20 \/ 12h10 \/ 13h45 \/ 16h35<br><em>Bagnoles:<\/em> 8h15 \/ 12h00 \/ 13h55 \/ 16h45<br>\u00c9<em>cole de Bagnoles:<\/em> 8h25 \/ 16h25<\/p>\n\n\n\n<div class=\"wp-block-buttons is-content-justification-center is-layout-flex wp-container-core-buttons-is-layout-a89b3969 wp-block-buttons-is-layout-flex\">\n<div class=\"wp-block-button\"><a class=\"wp-block-button__link wp-element-button\" href=\"https:\/\/rtca.montransportscolaire.net\/Tvia\/web\/\">Inscriptions transport&nbsp;scolaire<\/a><\/div>\n<\/div>\n<\/div>\n<\/div>\n<\/div>\n<\/div>\n<\/section>\n\n\n\n<p><\/p>\n","protected":false},"excerpt":{"rendered":"<p>Cr\u00e9\u00e9 en 1992, le R.P.I.&nbsp;regroupe trois villages : L&rsquo;enseignement est dispens\u00e9 sur deux sites : Il est assur\u00e9 par Madame BENNES Claudine (directrice de Malves), Monsieur DEROIN J\u00e9r\u00f4me,&nbsp;Madame OBERDORFF C\u00e9cile, Madame SABATHE Justine, Madame BLAISE Sylvie (directrice de Bagnoles)&nbsp;et Madame NEGRE Fr\u00e9d\u00e9rique. Admissions et inscriptions Lieu d&rsquo;inscription \u00e0 la Mairie du lieu de r\u00e9sidence; Pi\u00e8ces [&hellip;]<\/p>\n","protected":false},"author":1,"featured_media":0,"parent":0,"menu_order":0,"comment_status":"closed","ping_status":"closed","template":"","meta":{"footnotes":""},"class_list":["post-127","page","type-page","status-publish","hentry"],"_links":{"self":[{"href":"https:\/\/www.malvesenminervois.fr\/index.php\/wp-json\/wp\/v2\/pages\/127","targetHints":{"allow":["GET"]}}],"collection":[{"href":"https:\/\/www.malvesenminervois.fr\/index.php\/wp-json\/wp\/v2\/pages"}],"about":[{"href":"https:\/\/www.malvesenminervois.fr\/index.php\/wp-json\/wp\/v2\/types\/page"}],"author":[{"embeddable":true,"href":"https:\/\/www.malvesenminervois.fr\/index.php\/wp-json\/wp\/v2\/users\/1"}],"replies":[{"embeddable":true,"href":"https:\/\/www.malvesenminervois.fr\/index.php\/wp-json\/wp\/v2\/comments?post=127"}],"version-history":[{"count":14,"href":"https:\/\/www.malvesenminervois.fr\/index.php\/wp-json\/wp\/v2\/pages\/127\/revisions"}],"predecessor-version":[{"id":387,"href":"https:\/\/www.malvesenminervois.fr\/index.php\/wp-json\/wp\/v2\/pages\/127\/revisions\/387"}],"wp:attachment":[{"href":"https:\/\/www.malvesenminervois.fr\/index.php\/wp-json\/wp\/v2\/media?parent=127"}],"curies":[{"name":"wp","href":"https:\/\/api.w.org\/{rel}","templated":true}]}}