{"id":143,"date":"2026-04-03T17:35:55","date_gmt":"2026-04-03T15:35:55","guid":{"rendered":"https:\/\/www.malvesenminervois.fr\/?page_id=143"},"modified":"2026-04-05T20:47:42","modified_gmt":"2026-04-05T18:47:42","slug":"la-vie-locale-au-fil-des-evenements","status":"publish","type":"page","link":"https:\/\/www.malvesenminervois.fr\/index.php\/la-vie-locale-au-fil-des-evenements\/","title":{"rendered":"La vie locale au fil des \u00e9v\u00e9nements"},"content":{"rendered":"\n<div class=\"wp-block-columns alignwide is-layout-flex wp-container-core-columns-is-layout-0227c7b6 wp-block-columns-is-layout-flex\" style=\"margin-top:var(--wp--preset--spacing--52);margin-bottom:var(--wp--preset--spacing--52)\">\n<div class=\"wp-block-column is-layout-flow wp-container-core-column-is-layout-8a368f38 wp-block-column-is-layout-flow\" style=\"flex-basis:70%\">\n<section class=\"wp-block-group is-layout-flow wp-block-group-is-layout-flow\">\n<div class=\"wp-block-query is-layout-flow wp-block-query-is-layout-flow\">\n\n\n\n<div class=\"wp-block-query-no-results\">\n\n<p class=\"has-text-align-center\">No posts were found.<\/p>\n\n<\/div><\/div>\n\n\n\n<div style=\"margin-bottom:var(--wp--preset--spacing--52);height:1px\" aria-hidden=\"true\" class=\"wp-block-spacer is-style-spacer-none-up-lg\"><\/div>\n<\/section>\n<\/div>\n\n\n\n<div class=\"wp-block-column has-global-padding is-layout-constrained wp-container-core-column-is-layout-19e250f3 wp-block-column-is-layout-constrained\" style=\"flex-basis:30%\"><aside class=\"is-style-template-part-h100 wp-block-template-part\">\n<div class=\"wp-block-group is-layout-flow wp-container-core-group-is-layout-21494ce6 wp-block-group-is-layout-flow\">\n<div class=\"wp-block-group has-global-padding is-layout-constrained wp-container-core-group-is-layout-df878a08 wp-block-group-is-layout-constrained\">\n<div class=\"wp-block-group alignwide is-style-default is-layout-flow wp-block-group-is-layout-flow\" style=\"border-radius:12px\">\n<div class=\"wp-block-group is-layout-flow wp-block-group-is-layout-flow\">\n<h3 class=\"wp-block-heading is-style-heading-basic is-style-text-cue-3 is-style-text-cue-3--1\">Filtres<\/h3>\n<\/div>\n\n\n<p class=\"is-style-outline is-style-outline--2 wp-block-tag-cloud\"><a href=\"https:\/\/www.malvesenminervois.fr\/index.php\/tag\/bien-etre\/\" class=\"tag-cloud-link tag-link-11 tag-link-position-1\" style=\"font-size: 8pt;\" aria-label=\"bien-\u00eatre (1 \u00e9l\u00e9ment)\">bien-\u00eatre<\/a>\n<a href=\"https:\/\/www.malvesenminervois.fr\/index.php\/tag\/communication\/\" class=\"tag-cloud-link tag-link-7 tag-link-position-2\" style=\"font-size: 8pt;\" aria-label=\"Communication (1 \u00e9l\u00e9ment)\">Communication<\/a>\n<a href=\"https:\/\/www.malvesenminervois.fr\/index.php\/tag\/sortie\/\" class=\"tag-cloud-link tag-link-14 tag-link-position-3\" style=\"font-size: 8pt;\" aria-label=\"sortie (1 \u00e9l\u00e9ment)\">sortie<\/a>\n<a href=\"https:\/\/www.malvesenminervois.fr\/index.php\/tag\/sport\/\" class=\"tag-cloud-link tag-link-10 tag-link-position-4\" style=\"font-size: 8pt;\" aria-label=\"sport (1 \u00e9l\u00e9ment)\">sport<\/a>\n<a href=\"https:\/\/www.malvesenminervois.fr\/index.php\/tag\/theatre\/\" class=\"tag-cloud-link tag-link-13 tag-link-position-5\" style=\"font-size: 8pt;\" aria-label=\"theatre (1 \u00e9l\u00e9ment)\">theatre<\/a>\n<a href=\"https:\/\/www.malvesenminervois.fr\/index.php\/tag\/web\/\" class=\"tag-cloud-link tag-link-8 tag-link-position-6\" style=\"font-size: 8pt;\" aria-label=\"web (1 \u00e9l\u00e9ment)\">web<\/a><\/p><\/div>\n<\/div>\n\n\n\n<div class=\"wp-block-group has-global-padding is-layout-constrained wp-container-core-group-is-layout-10843f82 wp-block-group-is-layout-constrained\" style=\"border-bottom-color:var(--wp--preset--color--secondary-100);border-bottom-width:1px;padding-bottom:var(--wp--preset--spacing--32)\">\n<div class=\"wp-block-group alignwide is-style-default is-layout-flow wp-block-group-is-layout-flow\" style=\"border-radius:12px\">\n<div class=\"wp-block-group is-layout-flow wp-block-group-is-layout-flow\">\n<h3 class=\"wp-block-heading is-style-heading-basic is-style-text-cue-3 is-style-text-cue-3--3\">Les plus r\u00e9cents<\/h3>\n<\/div>\n\n\n\n<div class=\"wp-block-query is-layout-flow wp-block-query-is-layout-flow\"><ul class=\"wp-block-post-template is-layout-flow wp-block-post-template-is-layout-flow\"><li class=\"wp-block-post post-353 post type-post status-publish format-standard has-post-thumbnail hentry category-ceremonie\">\n\n<div class=\"wp-block-columns are-vertically-aligned-center is-layout-flex wp-container-core-columns-is-layout-f0342b05 wp-block-columns-is-layout-flex\" style=\"margin-top:0;margin-bottom:0\">\n<div class=\"wp-block-column is-vertically-aligned-center is-layout-flow wp-block-column-is-layout-flow\" style=\"flex-basis:33.33%\"><figure style=\"aspect-ratio:4\/3.5;\" class=\"is-style-image-shine wp-block-post-featured-image\"><a href=\"https:\/\/www.malvesenminervois.fr\/index.php\/2026\/04\/07\/commemoration-du-8-mai-1945\/\" target=\"_self\"  ><img loading=\"lazy\" decoding=\"async\" width=\"1536\" height=\"1024\" src=\"https:\/\/www.malvesenminervois.fr\/wp-content\/uploads\/2026\/04\/8mai.jpg\" class=\"attachment-post-thumbnail size-post-thumbnail wp-post-image\" alt=\"Comm\u00e9moration du 8 mai 1945\" style=\"border-radius:12px;width:100%;height:100%;object-fit:cover;\" srcset=\"https:\/\/www.malvesenminervois.fr\/wp-content\/uploads\/2026\/04\/8mai.jpg 1536w, https:\/\/www.malvesenminervois.fr\/wp-content\/uploads\/2026\/04\/8mai-300x200.jpg 300w, https:\/\/www.malvesenminervois.fr\/wp-content\/uploads\/2026\/04\/8mai-1024x683.jpg 1024w, https:\/\/www.malvesenminervois.fr\/wp-content\/uploads\/2026\/04\/8mai-768x512.jpg 768w\" sizes=\"auto, (max-width: 1536px) 100vw, 1536px\" \/><\/a><\/figure><\/div>\n\n\n\n<div class=\"wp-block-column is-vertically-aligned-center is-layout-flow wp-block-column-is-layout-flow\" style=\"flex-basis:66.66%\">\n<div class=\"wp-block-group is-layout-flow wp-container-core-group-is-layout-bf11f27b wp-block-group-is-layout-flow\"><h2 class=\"is-style-text-summary is-style-text-summary--4 wp-block-post-title\"><a href=\"https:\/\/www.malvesenminervois.fr\/index.php\/2026\/04\/07\/commemoration-du-8-mai-1945\/\" target=\"_self\" >Comm\u00e9moration du 8 mai 1945<\/a><\/h2>\n\n<div class=\"wp-block-post-date has-minuscule-font-size\"><time datetime=\"2026-04-07T15:08:47+02:00\"><a href=\"https:\/\/www.malvesenminervois.fr\/index.php\/2026\/04\/07\/commemoration-du-8-mai-1945\/\">7 avril 2026<\/a><\/time><\/div><\/div>\n<\/div>\n<\/div>\n\n<\/li><li class=\"wp-block-post post-105 post type-post status-publish format-standard has-post-thumbnail hentry category-spectacles tag-sortie tag-theatre\">\n\n<div class=\"wp-block-columns are-vertically-aligned-center is-layout-flex wp-container-core-columns-is-layout-f0342b05 wp-block-columns-is-layout-flex\" style=\"margin-top:0;margin-bottom:0\">\n<div class=\"wp-block-column is-vertically-aligned-center is-layout-flow wp-block-column-is-layout-flow\" style=\"flex-basis:33.33%\"><figure style=\"aspect-ratio:4\/3.5;\" class=\"is-style-image-shine wp-block-post-featured-image\"><a href=\"https:\/\/www.malvesenminervois.fr\/index.php\/2026\/04\/03\/les-dejantees-dhier-et-daujourdhui\/\" target=\"_self\"  ><img loading=\"lazy\" decoding=\"async\" width=\"1536\" height=\"1024\" src=\"https:\/\/www.malvesenminervois.fr\/wp-content\/uploads\/2026\/04\/3-avr.-2026-15_25_40.png\" class=\"attachment-post-thumbnail size-post-thumbnail wp-post-image\" alt=\"Les d\u00e9jant\u00e9es d&rsquo;hier et d\u2019aujourd\u2019hui\" style=\"border-radius:12px;width:100%;height:100%;object-fit:cover;\" srcset=\"https:\/\/www.malvesenminervois.fr\/wp-content\/uploads\/2026\/04\/3-avr.-2026-15_25_40.png 1536w, https:\/\/www.malvesenminervois.fr\/wp-content\/uploads\/2026\/04\/3-avr.-2026-15_25_40-300x200.png 300w, https:\/\/www.malvesenminervois.fr\/wp-content\/uploads\/2026\/04\/3-avr.-2026-15_25_40-1024x683.png 1024w, https:\/\/www.malvesenminervois.fr\/wp-content\/uploads\/2026\/04\/3-avr.-2026-15_25_40-768x512.png 768w\" sizes=\"auto, (max-width: 1536px) 100vw, 1536px\" \/><\/a><\/figure><\/div>\n\n\n\n<div class=\"wp-block-column is-vertically-aligned-center is-layout-flow wp-block-column-is-layout-flow\" style=\"flex-basis:66.66%\">\n<div class=\"wp-block-group is-layout-flow wp-container-core-group-is-layout-bf11f27b wp-block-group-is-layout-flow\"><h2 class=\"is-style-text-summary is-style-text-summary--5 wp-block-post-title\"><a href=\"https:\/\/www.malvesenminervois.fr\/index.php\/2026\/04\/03\/les-dejantees-dhier-et-daujourdhui\/\" target=\"_self\" >Les d\u00e9jant\u00e9es d&rsquo;hier et d\u2019aujourd\u2019hui<\/a><\/h2>\n\n<div class=\"wp-block-post-date has-minuscule-font-size\"><time datetime=\"2026-04-03T15:29:58+02:00\"><a href=\"https:\/\/www.malvesenminervois.fr\/index.php\/2026\/04\/03\/les-dejantees-dhier-et-daujourdhui\/\">3 avril 2026<\/a><\/time><\/div><\/div>\n<\/div>\n<\/div>\n\n<\/li><li class=\"wp-block-post post-96 post type-post status-publish format-standard has-post-thumbnail hentry category-sport-loisirs tag-bien-etre tag-sport\">\n\n<div class=\"wp-block-columns are-vertically-aligned-center is-layout-flex wp-container-core-columns-is-layout-f0342b05 wp-block-columns-is-layout-flex\" style=\"margin-top:0;margin-bottom:0\">\n<div class=\"wp-block-column is-vertically-aligned-center is-layout-flow wp-block-column-is-layout-flow\" style=\"flex-basis:33.33%\"><figure style=\"aspect-ratio:4\/3.5;\" class=\"is-style-image-shine wp-block-post-featured-image\"><a href=\"https:\/\/www.malvesenminervois.fr\/index.php\/2026\/04\/03\/reprise-des-cours-de-yoga\/\" target=\"_self\"  ><img loading=\"lazy\" decoding=\"async\" width=\"1536\" height=\"1024\" src=\"https:\/\/www.malvesenminervois.fr\/wp-content\/uploads\/2026\/04\/image-3.png\" class=\"attachment-post-thumbnail size-post-thumbnail wp-post-image\" alt=\"Reprise des cours de Yoga\" style=\"border-radius:12px;width:100%;height:100%;object-fit:cover;\" srcset=\"https:\/\/www.malvesenminervois.fr\/wp-content\/uploads\/2026\/04\/image-3.png 1536w, https:\/\/www.malvesenminervois.fr\/wp-content\/uploads\/2026\/04\/image-3-300x200.png 300w, https:\/\/www.malvesenminervois.fr\/wp-content\/uploads\/2026\/04\/image-3-1024x683.png 1024w, https:\/\/www.malvesenminervois.fr\/wp-content\/uploads\/2026\/04\/image-3-768x512.png 768w\" sizes=\"auto, (max-width: 1536px) 100vw, 1536px\" \/><\/a><\/figure><\/div>\n\n\n\n<div class=\"wp-block-column is-vertically-aligned-center is-layout-flow wp-block-column-is-layout-flow\" style=\"flex-basis:66.66%\">\n<div class=\"wp-block-group is-layout-flow wp-container-core-group-is-layout-bf11f27b wp-block-group-is-layout-flow\"><h2 class=\"is-style-text-summary is-style-text-summary--6 wp-block-post-title\"><a href=\"https:\/\/www.malvesenminervois.fr\/index.php\/2026\/04\/03\/reprise-des-cours-de-yoga\/\" target=\"_self\" >Reprise des cours de Yoga<\/a><\/h2>\n\n<div class=\"wp-block-post-date has-minuscule-font-size\"><time datetime=\"2026-04-03T15:08:19+02:00\"><a href=\"https:\/\/www.malvesenminervois.fr\/index.php\/2026\/04\/03\/reprise-des-cours-de-yoga\/\">3 avril 2026<\/a><\/time><\/div><\/div>\n<\/div>\n<\/div>\n\n<\/li><li class=\"wp-block-post post-25 post type-post status-publish format-standard has-post-thumbnail hentry category-nouveaute tag-communication tag-web\">\n\n<div class=\"wp-block-columns are-vertically-aligned-center is-layout-flex wp-container-core-columns-is-layout-f0342b05 wp-block-columns-is-layout-flex\" style=\"margin-top:0;margin-bottom:0\">\n<div class=\"wp-block-column is-vertically-aligned-center is-layout-flow wp-block-column-is-layout-flow\" style=\"flex-basis:33.33%\"><figure style=\"aspect-ratio:4\/3.5;\" class=\"is-style-image-shine wp-block-post-featured-image\"><a href=\"https:\/\/www.malvesenminervois.fr\/index.php\/2026\/04\/02\/nouveau-site-nouvelle-com\/\" target=\"_self\"  ><img loading=\"lazy\" decoding=\"async\" width=\"1536\" height=\"1024\" src=\"https:\/\/www.malvesenminervois.fr\/wp-content\/uploads\/2026\/04\/bc57e60b-32c1-4632-8c78-a0049ac1d2ae.png\" class=\"attachment-post-thumbnail size-post-thumbnail wp-post-image\" alt=\"Nouveau Site, nouvelle com !\" style=\"border-radius:12px;width:100%;height:100%;object-fit:cover;\" srcset=\"https:\/\/www.malvesenminervois.fr\/wp-content\/uploads\/2026\/04\/bc57e60b-32c1-4632-8c78-a0049ac1d2ae.png 1536w, https:\/\/www.malvesenminervois.fr\/wp-content\/uploads\/2026\/04\/bc57e60b-32c1-4632-8c78-a0049ac1d2ae-300x200.png 300w, https:\/\/www.malvesenminervois.fr\/wp-content\/uploads\/2026\/04\/bc57e60b-32c1-4632-8c78-a0049ac1d2ae-1024x683.png 1024w, https:\/\/www.malvesenminervois.fr\/wp-content\/uploads\/2026\/04\/bc57e60b-32c1-4632-8c78-a0049ac1d2ae-768x512.png 768w\" sizes=\"auto, (max-width: 1536px) 100vw, 1536px\" \/><\/a><\/figure><\/div>\n\n\n\n<div class=\"wp-block-column is-vertically-aligned-center is-layout-flow wp-block-column-is-layout-flow\" style=\"flex-basis:66.66%\">\n<div class=\"wp-block-group is-layout-flow wp-container-core-group-is-layout-bf11f27b wp-block-group-is-layout-flow\"><h2 class=\"is-style-text-summary is-style-text-summary--7 wp-block-post-title\"><a href=\"https:\/\/www.malvesenminervois.fr\/index.php\/2026\/04\/02\/nouveau-site-nouvelle-com\/\" target=\"_self\" >Nouveau Site, nouvelle com !<\/a><\/h2>\n\n<div class=\"wp-block-post-date has-minuscule-font-size\"><time datetime=\"2026-04-02T15:12:07+02:00\"><a href=\"https:\/\/www.malvesenminervois.fr\/index.php\/2026\/04\/02\/nouveau-site-nouvelle-com\/\">2 avril 2026<\/a><\/time><\/div><\/div>\n<\/div>\n<\/div>\n\n<\/li><\/ul><\/div>\n<\/div>\n<\/div>\n<\/div>\n<\/aside><\/div>\n<\/div>\n","protected":false},"excerpt":{"rendered":"","protected":false},"author":1,"featured_media":0,"parent":0,"menu_order":0,"comment_status":"closed","ping_status":"closed","template":"","meta":{"footnotes":""},"class_list":["post-143","page","type-page","status-publish","hentry"],"_links":{"self":[{"href":"https:\/\/www.malvesenminervois.fr\/index.php\/wp-json\/wp\/v2\/pages\/143","targetHints":{"allow":["GET"]}}],"collection":[{"href":"https:\/\/www.malvesenminervois.fr\/index.php\/wp-json\/wp\/v2\/pages"}],"about":[{"href":"https:\/\/www.malvesenminervois.fr\/index.php\/wp-json\/wp\/v2\/types\/page"}],"author":[{"embeddable":true,"href":"https:\/\/www.malvesenminervois.fr\/index.php\/wp-json\/wp\/v2\/users\/1"}],"replies":[{"embeddable":true,"href":"https:\/\/www.malvesenminervois.fr\/index.php\/wp-json\/wp\/v2\/comments?post=143"}],"version-history":[{"count":7,"href":"https:\/\/www.malvesenminervois.fr\/index.php\/wp-json\/wp\/v2\/pages\/143\/revisions"}],"predecessor-version":[{"id":211,"href":"https:\/\/www.malvesenminervois.fr\/index.php\/wp-json\/wp\/v2\/pages\/143\/revisions\/211"}],"wp:attachment":[{"href":"https:\/\/www.malvesenminervois.fr\/index.php\/wp-json\/wp\/v2\/media?parent=143"}],"curies":[{"name":"wp","href":"https:\/\/api.w.org\/{rel}","templated":true}]}}