{"id":281,"date":"2026-04-06T18:55:18","date_gmt":"2026-04-06T16:55:18","guid":{"rendered":"https:\/\/www.malvesenminervois.fr\/?page_id=281"},"modified":"2026-04-07T18:00:23","modified_gmt":"2026-04-07T16:00:23","slug":"le-pole-sante","status":"publish","type":"page","link":"https:\/\/www.malvesenminervois.fr\/index.php\/le-pole-sante\/","title":{"rendered":"Le P\u00f4le Sant\u00e9"},"content":{"rendered":"\n<section class=\"wp-block-group alignfull is-style-default is-layout-flow wp-block-group-is-layout-flow\" style=\"margin-top:0;margin-bottom:0;padding-top:0;padding-bottom:0\">\n<div style=\"aspect-ratio:19\/9;min-height:unset;\" class=\"wp-block-cover aspect-xs-square has-aspect-ratio\"><img loading=\"lazy\" decoding=\"async\" width=\"1024\" height=\"768\" class=\"wp-block-cover__image-background wp-image-359 size-large\" alt=\"\" src=\"https:\/\/www.malvesenminervois.fr\/wp-content\/uploads\/2026\/04\/26562-1024x768.jpg\" data-object-fit=\"cover\" srcset=\"https:\/\/www.malvesenminervois.fr\/wp-content\/uploads\/2026\/04\/26562-1024x768.jpg 1024w, https:\/\/www.malvesenminervois.fr\/wp-content\/uploads\/2026\/04\/26562-300x225.jpg 300w, https:\/\/www.malvesenminervois.fr\/wp-content\/uploads\/2026\/04\/26562-768x576.jpg 768w, https:\/\/www.malvesenminervois.fr\/wp-content\/uploads\/2026\/04\/26562-1536x1152.jpg 1536w, https:\/\/www.malvesenminervois.fr\/wp-content\/uploads\/2026\/04\/26562-2048x1536.jpg 2048w\" sizes=\"auto, (max-width: 1024px) 100vw, 1024px\" \/><span aria-hidden=\"true\" class=\"wp-block-cover__background has-black-background-color has-background-dim\"><\/span><div class=\"wp-block-cover__inner-container has-global-padding is-layout-constrained wp-block-cover-is-layout-constrained\">\n<div class=\"wp-block-group alignwide is-layout-flow wp-block-group-is-layout-flow\">\n<h2 class=\"wp-block-heading is-style-text-summary is-style-text-summary--1\" style=\"font-style:normal;font-weight:200;line-height:1\">L&rsquo;acc\u00e8s aux soins<\/h2>\n\n\n\n<div class=\"wp-block-group is-layout-flow wp-container-core-group-is-layout-26ef70db wp-block-group-is-layout-flow\">\n<h1 class=\"wp-block-heading is-style-text-callout is-style-text-callout--2\">Avenue des \u00e9coles<\/h1>\n<\/div>\n<\/div>\n<\/div><\/div>\n<\/section>\n\n\n\n<section class=\"wp-block-group alignfull is-style-default has-global-padding is-layout-constrained wp-block-group-is-layout-constrained\" style=\"margin-top:0;margin-bottom:0;padding-top:var(--wp--preset--spacing--90);padding-bottom:var(--wp--preset--spacing--90)\">\n<div class=\"wp-block-columns alignwide are-vertically-aligned-center is-layout-flex wp-container-core-columns-is-layout-28232c24 wp-block-columns-is-layout-flex\">\n<div class=\"wp-block-column is-vertically-aligned-center has-light-background-color has-background is-layout-flow wp-block-column-is-layout-flow\">\n<figure class=\"wp-block-image size-full has-custom-border\"><img loading=\"lazy\" decoding=\"async\" width=\"938\" height=\"1342\" src=\"https:\/\/www.malvesenminervois.fr\/wp-content\/uploads\/2026\/04\/Capture-decran-2026-04-07-a-15.29.01.png\" alt=\"\" class=\"wp-image-361\" style=\"border-radius:12px;aspect-ratio:3\/4;object-fit:cover\" srcset=\"https:\/\/www.malvesenminervois.fr\/wp-content\/uploads\/2026\/04\/Capture-decran-2026-04-07-a-15.29.01.png 938w, https:\/\/www.malvesenminervois.fr\/wp-content\/uploads\/2026\/04\/Capture-decran-2026-04-07-a-15.29.01-210x300.png 210w, https:\/\/www.malvesenminervois.fr\/wp-content\/uploads\/2026\/04\/Capture-decran-2026-04-07-a-15.29.01-716x1024.png 716w, https:\/\/www.malvesenminervois.fr\/wp-content\/uploads\/2026\/04\/Capture-decran-2026-04-07-a-15.29.01-768x1099.png 768w\" sizes=\"auto, (max-width: 938px) 100vw, 938px\" \/><\/figure>\n<\/div>\n\n\n\n<div class=\"wp-block-column is-vertically-aligned-center is-layout-flow wp-container-core-column-is-layout-f1b65ef7 wp-block-column-is-layout-flow\">\n<div class=\"wp-block-group is-layout-flow wp-container-core-group-is-layout-6392cde1 wp-block-group-is-layout-flow\" style=\"padding-top:var(--wp--preset--spacing--64);padding-right:var(--wp--preset--spacing--64);padding-bottom:var(--wp--preset--spacing--64);padding-left:var(--wp--preset--spacing--64)\">\n<div class=\"wp-block-group is-layout-flow wp-block-group-is-layout-flow\">\n<div class=\"wp-block-group is-layout-flow wp-block-group-is-layout-flow\">\n<h2 class=\"wp-block-heading is-style-text-title-2 is-style-text-title-2--3\">Pr\u00e9sentation des services<\/h2>\n\n\n\n<p class=\"is-style-text-aware-1 is-style-text-subtitle-2 has-secondary-800-color has-text-color has-link-color wp-elements-d94f669bcd069f5aee2230b2f38de810 is-style-text-subtitle-2--4\">Le p\u00f4le sant\u00e9 de Malves-en-Minervois propose une offre de soins de proximit\u00e9 adapt\u00e9e aux besoins du quotidien.<\/p>\n\n\n\n<p>Vous y trouverez :<\/p>\n\n\n\n<ul class=\"wp-block-list\">\n<li><strong><a href=\"https:\/\/perfactive.fr\/list\/claire-luciw\" target=\"_blank\" rel=\"noreferrer noopener\">Claire Luciw, Orthophoniste<\/a><\/strong><\/li>\n\n\n\n<li><strong><a href=\"https:\/\/www.doctolib.fr\/orthoptiste\/malves-en-minervois\/marie-barreau\" target=\"_blank\" rel=\"noreferrer noopener\">Marie Barreau, Orthoptiste<\/a><\/strong><\/li>\n\n\n\n<li><a href=\"https:\/\/share.google\/Yxvl6FBicYcXldKdv\"><strong>Mike Vutong et Olivia <\/strong><\/a><strong><a href=\"https:\/\/share.google\/Yxvl6FBicYcXldKdv\" target=\"_blank\" rel=\"noreferrer noopener\">Sarda<\/a><\/strong><a href=\"https:\/\/share.google\/Yxvl6FBicYcXldKdv\"><strong>, Infirmiers<\/strong><\/a><\/li>\n<\/ul>\n\n\n\n<p class=\"is-style-text-aware-1 is-style-text-subtitle-2 has-secondary-800-color has-text-color has-link-color wp-elements-cec9be9a7864e91bbda030f81e847a95 is-style-text-subtitle-2--5\">Ces professionnels assurent un accompagnement compl\u00e9mentaire, contribuant \u00e0 une prise en soin accessible pour les habitants du village et des alentours.<\/p>\n<\/div>\n<\/div>\n<\/div>\n<\/div>\n<\/div>\n<\/section>\n\n\n\n<section class=\"wp-block-group alignfull is-style-default has-global-padding is-layout-constrained wp-block-group-is-layout-constrained\" style=\"margin-top:0;margin-bottom:0;padding-top:var(--wp--preset--spacing--70);padding-bottom:var(--wp--preset--spacing--70)\">\n<h5 class=\"wp-block-heading\">D\u00e9j\u00e0 dynamique et en d\u00e9veloppement, le site offre un cadre de travail agr\u00e9able, au c\u0153ur du village et \u00e0 proximit\u00e9 des services.<\/h5>\n\n\n\n<div class=\"wp-block-group alignwide has-c-50-background-color has-background is-layout-flow wp-container-core-group-is-layout-6e9d347c wp-block-group-is-layout-flow\">\n<div class=\"wp-block-group is-layout-flow wp-block-group-is-layout-flow\">\n<div class=\"wp-block-group is-layout-grid wp-container-core-group-is-layout-1a9e1812 wp-block-group-is-layout-grid\">\n<div class=\"wp-block-group no-underline has-border-color is-vertical is-content-justification-stretch is-layout-flex wp-container-core-group-is-layout-2f51b870 wp-block-group-is-layout-flex\" style=\"border-color:#e7e8eb;border-width:1px;border-radius:12px;min-height:100%;padding-top:var(--wp--preset--spacing--24);padding-right:var(--wp--preset--spacing--24);padding-bottom:var(--wp--preset--spacing--24);padding-left:var(--wp--preset--spacing--24)\">\n<div class=\"wp-block-group is-layout-flow wp-block-group-is-layout-flow\">\n<figure class=\"wp-block-image aligncenter size-full is-resized is-style-rounded\"><img loading=\"lazy\" decoding=\"async\" width=\"256\" height=\"256\" src=\"https:\/\/www.malvesenminervois.fr\/wp-content\/uploads\/2026\/04\/infirmier.png\" alt=\"\" class=\"wp-image-374\" style=\"aspect-ratio:1;object-fit:cover;width:100px\" srcset=\"https:\/\/www.malvesenminervois.fr\/wp-content\/uploads\/2026\/04\/infirmier.png 256w, https:\/\/www.malvesenminervois.fr\/wp-content\/uploads\/2026\/04\/infirmier-150x150.png 150w\" sizes=\"auto, (max-width: 256px) 100vw, 256px\" \/><\/figure>\n<\/div>\n\n\n\n<div class=\"wp-block-group is-layout-flow wp-container-core-group-is-layout-26ef70db wp-block-group-is-layout-flow\">\n<h3 class=\"wp-block-heading has-text-align-center is-style-text-label-2 is-style-text-label-2--6\">Infirmiers<\/h3>\n\n\n\n<p class=\"has-text-align-center is-style-text-aware-1 is-style-text-summary has-secondary-800-color has-text-color has-link-color wp-elements-ca62558dbbda910d128c4367c0e7bb3e is-style-text-summary--7\">Les soins infirmiers assurent un suivi m\u00e9dical quotidien, \u00e0 domicile ou au cabinet, incluant soins, accompagnement et pr\u00e9vention.<\/p>\n<\/div>\n<\/div>\n\n\n\n<div class=\"wp-block-group no-underline has-border-color is-vertical is-content-justification-stretch is-layout-flex wp-container-core-group-is-layout-2f51b870 wp-block-group-is-layout-flex\" style=\"border-color:#e7e8eb;border-width:1px;border-radius:12px;min-height:100%;padding-top:var(--wp--preset--spacing--24);padding-right:var(--wp--preset--spacing--24);padding-bottom:var(--wp--preset--spacing--24);padding-left:var(--wp--preset--spacing--24)\">\n<div class=\"wp-block-group is-layout-flow wp-block-group-is-layout-flow\">\n<figure class=\"wp-block-image aligncenter size-full is-resized is-style-rounded\"><img loading=\"lazy\" decoding=\"async\" width=\"256\" height=\"256\" src=\"https:\/\/www.malvesenminervois.fr\/wp-content\/uploads\/2026\/04\/ortop.png\" alt=\"\" class=\"wp-image-372\" style=\"aspect-ratio:1;object-fit:cover;width:100px\" srcset=\"https:\/\/www.malvesenminervois.fr\/wp-content\/uploads\/2026\/04\/ortop.png 256w, https:\/\/www.malvesenminervois.fr\/wp-content\/uploads\/2026\/04\/ortop-150x150.png 150w\" sizes=\"auto, (max-width: 256px) 100vw, 256px\" \/><\/figure>\n<\/div>\n\n\n\n<div class=\"wp-block-group is-layout-flow wp-container-core-group-is-layout-26ef70db wp-block-group-is-layout-flow\">\n<h3 class=\"wp-block-heading has-text-align-center is-style-text-label-2 is-style-text-label-2--8\">Orthoptiste<\/h3>\n\n\n\n<p class=\"has-text-align-center is-style-text-aware-1 is-style-text-summary has-secondary-800-color has-text-color has-link-color wp-elements-423a93de6153c3e2e8cd388c30b494b5 is-style-text-summary--9\">L\u2019orthoptie intervient dans la r\u00e9\u00e9ducation et le d\u00e9pistage des troubles visuels, en lien avec les professionnels de la vue.<\/p>\n<\/div>\n<\/div>\n\n\n\n<div class=\"wp-block-group no-underline has-border-color is-vertical is-content-justification-stretch is-layout-flex wp-container-core-group-is-layout-2f51b870 wp-block-group-is-layout-flex\" style=\"border-color:#e7e8eb;border-width:1px;border-radius:12px;min-height:100%;padding-top:var(--wp--preset--spacing--24);padding-right:var(--wp--preset--spacing--24);padding-bottom:var(--wp--preset--spacing--24);padding-left:var(--wp--preset--spacing--24)\">\n<div class=\"wp-block-group is-layout-flow wp-block-group-is-layout-flow\">\n<figure class=\"wp-block-image aligncenter size-full is-resized is-style-rounded\"><img loading=\"lazy\" decoding=\"async\" width=\"256\" height=\"256\" src=\"https:\/\/www.malvesenminervois.fr\/wp-content\/uploads\/2026\/04\/orthophonie.png\" alt=\"\" class=\"wp-image-373\" style=\"aspect-ratio:1;object-fit:cover;width:100px\" srcset=\"https:\/\/www.malvesenminervois.fr\/wp-content\/uploads\/2026\/04\/orthophonie.png 256w, https:\/\/www.malvesenminervois.fr\/wp-content\/uploads\/2026\/04\/orthophonie-150x150.png 150w\" sizes=\"auto, (max-width: 256px) 100vw, 256px\" \/><\/figure>\n<\/div>\n\n\n\n<div class=\"wp-block-group is-layout-flow wp-container-core-group-is-layout-26ef70db wp-block-group-is-layout-flow\">\n<h3 class=\"wp-block-heading has-text-align-center is-style-text-label-2 is-style-text-label-2--10\">Orthophoniste<\/h3>\n\n\n\n<p class=\"has-text-align-center is-style-text-aware-1 is-style-text-summary has-secondary-800-color has-text-color has-link-color wp-elements-0854c8459e291268d05598c80d6a17ad is-style-text-summary--11\">L\u2019orthophonie accompagne les troubles du langage, de la communication \u00e0 tous les \u00e2ges de la vie.<\/p>\n<\/div>\n<\/div>\n<\/div>\n<\/div>\n\n\n\n<div class=\"wp-block-group is-layout-flow wp-block-group-is-layout-flow\">\n<div class=\"wp-block-columns is-layout-flex wp-container-core-columns-is-layout-46dc1dd9 wp-block-columns-is-layout-flex\">\n<div class=\"wp-block-column is-layout-flow wp-block-column-is-layout-flow\">\n<h2 class=\"wp-block-heading is-style-text-title-2 is-style-text-title-2--12\">Rejoindre le p\u00f4le sant\u00e9 de Malves<\/h2>\n<\/div>\n\n\n\n<div class=\"wp-block-column is-layout-flow wp-block-column-is-layout-flow\">\n<p class=\"is-style-text-aware-1 is-style-text-subtitle-2 has-secondary-800-color has-text-color has-link-color wp-elements-c6a38495527c15a33361438b5e855960 is-style-text-subtitle-2--13\">Des espaces sont disponibles au sein du p\u00f4le sant\u00e9 communal pour accueillir de nouveaux professionnels.<\/p>\n\n\n\n<p class=\"is-style-text-aware-1 is-style-text-subtitle-2 has-secondary-800-color has-text-color has-link-color wp-elements-c978db0bd4cde80d8418d3e1e5e04909 is-style-text-subtitle-2--14\">Les professionnels int\u00e9ress\u00e9s peuvent se rapprocher de la mairie pour \u00e9tudier les possibilit\u00e9s d\u2019installation.<\/p>\n\n\n\n<div class=\"wp-block-buttons is-content-justification-center is-layout-flex wp-container-core-buttons-is-layout-a89b3969 wp-block-buttons-is-layout-flex\">\n<div class=\"wp-block-button\"><a class=\"wp-block-button__link wp-element-button\" href=\"https:\/\/www.malvesenminervois.fr\/#mairie\">Contactez-nous<\/a><\/div>\n<\/div>\n<\/div>\n<\/div>\n<\/div>\n<\/div>\n<\/section>\n\n\n\n<section class=\"wp-block-group alignfull is-style-section-2 has-global-padding is-layout-constrained wp-block-group-is-layout-constrained is-style-section-2--15\" style=\"margin-top:0;margin-bottom:0;padding-top:var(--wp--preset--spacing--120);padding-bottom:var(--wp--preset--spacing--120)\">\n<div class=\"wp-block-group alignwide has-c-50-background-color has-background is-layout-flow wp-container-core-group-is-layout-6e9d347c wp-block-group-is-layout-flow\">\n<div class=\"wp-block-group is-layout-flow wp-block-group-is-layout-flow\">\n<div class=\"wp-block-columns is-layout-flex wp-container-core-columns-is-layout-46dc1dd9 wp-block-columns-is-layout-flex\">\n<div class=\"wp-block-column is-layout-flow wp-block-column-is-layout-flow\">\n<h2 class=\"wp-block-heading is-style-text-title-2 is-style-text-title-2--16\"><em>Perspectives<\/em><\/h2>\n<\/div>\n\n\n\n<div class=\"wp-block-column has-minuscule-font-size is-layout-flow wp-block-column-is-layout-flow\">\n<div class=\"wp-block-group has-tiny-font-size has-global-padding is-layout-constrained wp-block-group-is-layout-constrained\">\n<p class=\"has-minuscule-font-size\">La municipalit\u00e9 porte actuellement un projet d\u2019am\u00e9nagement et de d\u00e9veloppement du p\u00f4le sant\u00e9 communal, afin de renforcer l\u2019offre de soins et d\u2019am\u00e9liorer l\u2019accueil des usagers.<\/p>\n\n\n\n<p class=\"has-minuscule-font-size\">Des travaux sont \u00e0 l\u2019\u00e9tude pour moderniser les lieux, avec notamment la mise en accessibilit\u00e9 PMR, la r\u00e9organisation de l\u2019entr\u00e9e et de la salle d\u2019attente, ainsi que l\u2019entretien et la valorisation des abords.<\/p>\n\n\n\n<p class=\"has-minuscule-font-size\">L\u2019objectif est \u00e9galement d\u2019optimiser l\u2019occupation des espaces existants, en mobilisant un grand bureau au rez-de-chauss\u00e9e et en poursuivant l\u2019am\u00e9nagement des locaux, dans la continuit\u00e9 de ce qui a d\u00e9j\u00e0 \u00e9t\u00e9 r\u00e9alis\u00e9 pour les cabinets d\u2019orthophoniste et d\u2019orthoptiste.<\/p>\n\n\n\n<p class=\"has-minuscule-font-size\">\u00c0 terme, la commune souhaite accueillir de nouveaux professionnels de sant\u00e9, attir\u00e9s par la qualit\u00e9 des installations et le cadre de vie propos\u00e9 par le village.<\/p>\n\n\n\n<p class=\"has-minuscule-font-size\">Inscrit dans les perspectives du mandat en cours, ce projet fera l\u2019objet d\u2019\u00e9tudes approfondies dans les mois \u00e0 venir.<\/p>\n<\/div>\n<\/div>\n<\/div>\n<\/div>\n<\/div>\n<\/section>\n","protected":false},"excerpt":{"rendered":"<p>Pr\u00e9sentation des services Le p\u00f4le sant\u00e9 de Malves-en-Minervois propose une offre de soins de proximit\u00e9 adapt\u00e9e aux besoins du quotidien. Vous y trouverez : Ces professionnels assurent un accompagnement compl\u00e9mentaire, contribuant \u00e0 une prise en soin accessible pour les habitants du village et des alentours. D\u00e9j\u00e0 dynamique et en d\u00e9veloppement, le site offre un cadre [&hellip;]<\/p>\n","protected":false},"author":1,"featured_media":0,"parent":0,"menu_order":0,"comment_status":"closed","ping_status":"closed","template":"","meta":{"footnotes":""},"class_list":["post-281","page","type-page","status-publish","hentry"],"_links":{"self":[{"href":"https:\/\/www.malvesenminervois.fr\/index.php\/wp-json\/wp\/v2\/pages\/281","targetHints":{"allow":["GET"]}}],"collection":[{"href":"https:\/\/www.malvesenminervois.fr\/index.php\/wp-json\/wp\/v2\/pages"}],"about":[{"href":"https:\/\/www.malvesenminervois.fr\/index.php\/wp-json\/wp\/v2\/types\/page"}],"author":[{"embeddable":true,"href":"https:\/\/www.malvesenminervois.fr\/index.php\/wp-json\/wp\/v2\/users\/1"}],"replies":[{"embeddable":true,"href":"https:\/\/www.malvesenminervois.fr\/index.php\/wp-json\/wp\/v2\/comments?post=281"}],"version-history":[{"count":10,"href":"https:\/\/www.malvesenminervois.fr\/index.php\/wp-json\/wp\/v2\/pages\/281\/revisions"}],"predecessor-version":[{"id":409,"href":"https:\/\/www.malvesenminervois.fr\/index.php\/wp-json\/wp\/v2\/pages\/281\/revisions\/409"}],"wp:attachment":[{"href":"https:\/\/www.malvesenminervois.fr\/index.php\/wp-json\/wp\/v2\/media?parent=281"}],"curies":[{"name":"wp","href":"https:\/\/api.w.org\/{rel}","templated":true}]}}