{"id":283,"date":"2026-04-06T20:38:06","date_gmt":"2026-04-06T18:38:06","guid":{"rendered":"https:\/\/www.malvesenminervois.fr\/?page_id=283"},"modified":"2026-04-07T15:40:11","modified_gmt":"2026-04-07T13:40:11","slug":"le-chateau","status":"publish","type":"page","link":"https:\/\/www.malvesenminervois.fr\/index.php\/le-chateau\/","title":{"rendered":"Le Ch\u00e2teau"},"content":{"rendered":"\n<section class=\"wp-block-group alignfull is-style-default has-global-padding is-layout-constrained wp-block-group-is-layout-constrained\" style=\"margin-top:0;margin-bottom:0;padding-top:var(--wp--preset--spacing--120);padding-bottom:var(--wp--preset--spacing--120)\">\n<div class=\"wp-block-group alignfull has-background is-layout-flow wp-block-group-is-layout-flow\" style=\"background-color:#fac4006e;padding-top:6vw;padding-right:6vw;padding-bottom:6vw;padding-left:6vw\">\n<div class=\"wp-block-group is-vertical is-nowrap is-layout-flex wp-container-core-group-is-layout-36fd9ea3 wp-block-group-is-layout-flex\" style=\"padding-right:0;padding-left:0\">\n<p class=\"has-text-color\" style=\"color:#000000;font-size:6vw;font-style:normal;font-weight:700;letter-spacing:0px;line-height:0.9;text-decoration:none;text-transform:none\">Histoire<\/p>\n<\/div>\n\n\n\n<div style=\"height:1vw\" aria-hidden=\"true\" class=\"wp-block-spacer\"><\/div>\n\n\n\n<div class=\"wp-block-group alignwide is-vertical is-nowrap is-layout-flex wp-container-core-group-is-layout-7946b6b8 wp-block-group-is-layout-flex\" style=\"padding-top:0;padding-right:0;padding-bottom:0;padding-left:0\">\n<div class=\"wp-block-columns alignwide is-layout-flex wp-container-core-columns-is-layout-21b20327 wp-block-columns-is-layout-flex\">\n<div class=\"wp-block-column is-layout-flow wp-block-column-is-layout-flow\" style=\"flex-basis:50.29%\">\n<div class=\"wp-block-group is-layout-flow wp-container-core-group-is-layout-6392cde1 wp-block-group-is-layout-flow\" style=\"padding-top:var(--wp--preset--spacing--64);padding-right:var(--wp--preset--spacing--64);padding-bottom:var(--wp--preset--spacing--64);padding-left:var(--wp--preset--spacing--64)\">\n<div class=\"wp-block-group is-layout-flow wp-block-group-is-layout-flow\">\n<div class=\"wp-block-group is-layout-flow wp-block-group-is-layout-flow\">\n<h2 class=\"wp-block-heading is-style-text-title-2 is-style-text-title-2--1\"><\/h2>\n\n\n\n<p class=\"is-style-text-aware-1 is-style-text-subtitle-2 has-secondary-800-color has-text-color has-link-color has-compact-font-size wp-elements-f441bfa4e36b4276d57a06d6a482829d is-style-text-subtitle-2--2\">Le ch\u00e2teau de Malves est un \u00e9difice de style Renaissance, organis\u00e9 autour d\u2019une grande b\u00e2tisse rectangulaire entour\u00e9e d\u2019un vaste parc. L\u2019ensemble est ceint d\u2019un mur de pierre du XVIe si\u00e8cle, perc\u00e9 d\u2019une entr\u00e9e monumentale ouvrant sur la cour d\u2019honneur. On y remarque notamment les quatre rangs de g\u00e9noise, signe du rang \u00e9lev\u00e9 de son propri\u00e9taire.<\/p>\n\n\n\n<p>Le ch\u00e2teau est flanqu\u00e9 de quatre tours rondes. Les deux tours c\u00f4t\u00e9 village sont les plus anciennes (XVe si\u00e8cle) et t\u00e9moignent d\u2019un premier b\u00e2timent agrandi au XVIe si\u00e8cle, puis remani\u00e9 au XVIIIe si\u00e8cle. Bien que symboles de noblesse, ces tours n\u2019avaient pas de r\u00f4le d\u00e9fensif.<\/p>\n\n\n\n<p>\u00c0 l\u2019int\u00e9rieur, un \u00e9l\u00e9gant escalier de pierre \u00e0 l\u2019italienne dessert les \u00e9tages. Le ch\u00e2teau s\u2019\u00e9tend sur environ 300 m\u00b2 par niveau et s\u2019ouvre sur un parc aujourd\u2019hui partag\u00e9 entre la commune et un propri\u00e9taire priv\u00e9.<\/p>\n\n\n\n<p class=\"is-style-text-aware-1 is-style-text-subtitle-2 has-secondary-800-color has-text-color has-link-color has-compact-font-size wp-elements-045cee474620f6299cd8589976606bec is-style-text-subtitle-2--3\">Une anecdote \u00e9voque le passage du roi Charles VIII \u00e0 Malves \u00e0 la fin du XVe si\u00e8cle. S\u2019il est peu probable qu\u2019il ait s\u00e9journ\u00e9 dans le ch\u00e2teau actuel, celui-ci n\u2019\u00e9tant pas encore construit, il aurait pu loger dans un b\u00e2timent plus ancien situ\u00e9 \u00e0 proximit\u00e9.<\/p>\n<\/div>\n<\/div>\n<\/div>\n<\/div>\n\n\n\n<div class=\"wp-block-column is-layout-flow wp-block-column-is-layout-flow\" style=\"flex-basis:49.71%\">\n<div style=\"height:2vw\" aria-hidden=\"true\" class=\"wp-block-spacer\"><\/div>\n\n\n\n<figure class=\"wp-block-image size-large\"><img loading=\"lazy\" decoding=\"async\" width=\"1024\" height=\"576\" src=\"https:\/\/www.malvesenminervois.fr\/wp-content\/uploads\/2026\/04\/DJI_0091-1024x576.jpg\" alt=\"\" class=\"wp-image-301\" srcset=\"https:\/\/www.malvesenminervois.fr\/wp-content\/uploads\/2026\/04\/DJI_0091-1024x576.jpg 1024w, https:\/\/www.malvesenminervois.fr\/wp-content\/uploads\/2026\/04\/DJI_0091-300x169.jpg 300w, https:\/\/www.malvesenminervois.fr\/wp-content\/uploads\/2026\/04\/DJI_0091-768x432.jpg 768w, https:\/\/www.malvesenminervois.fr\/wp-content\/uploads\/2026\/04\/DJI_0091-1536x864.jpg 1536w, https:\/\/www.malvesenminervois.fr\/wp-content\/uploads\/2026\/04\/DJI_0091-2048x1152.jpg 2048w\" sizes=\"auto, (max-width: 1024px) 100vw, 1024px\" \/><\/figure>\n\n\n\n<figure class=\"wp-block-image size-large\"><img loading=\"lazy\" decoding=\"async\" width=\"1024\" height=\"576\" src=\"https:\/\/www.malvesenminervois.fr\/wp-content\/uploads\/2026\/04\/DJI_0090-1024x576.jpg\" alt=\"\" class=\"wp-image-302\" srcset=\"https:\/\/www.malvesenminervois.fr\/wp-content\/uploads\/2026\/04\/DJI_0090-1024x576.jpg 1024w, https:\/\/www.malvesenminervois.fr\/wp-content\/uploads\/2026\/04\/DJI_0090-300x169.jpg 300w, https:\/\/www.malvesenminervois.fr\/wp-content\/uploads\/2026\/04\/DJI_0090-768x432.jpg 768w, https:\/\/www.malvesenminervois.fr\/wp-content\/uploads\/2026\/04\/DJI_0090-1536x864.jpg 1536w, https:\/\/www.malvesenminervois.fr\/wp-content\/uploads\/2026\/04\/DJI_0090-2048x1152.jpg 2048w\" sizes=\"auto, (max-width: 1024px) 100vw, 1024px\" \/><\/figure>\n<\/div>\n<\/div>\n<\/div>\n<\/div>\n\n\n\n<div class=\"wp-block-group alignfull has-background is-layout-flow wp-block-group-is-layout-flow\" style=\"background-color:#fac4006e;padding-top:6vw;padding-right:6vw;padding-bottom:6vw;padding-left:6vw\">\n<div class=\"wp-block-group is-vertical is-nowrap is-layout-flex wp-container-core-group-is-layout-36fd9ea3 wp-block-group-is-layout-flex\" style=\"padding-right:0;padding-left:0\">\n<p class=\"has-text-color\" style=\"color:#000000;font-size:6vw;font-style:normal;font-weight:700;letter-spacing:0px;line-height:0.9;text-decoration:none;text-transform:none\">Les Peintures<\/p>\n<\/div>\n\n\n\n<div style=\"height:1vw\" aria-hidden=\"true\" class=\"wp-block-spacer\"><\/div>\n\n\n\n<div class=\"wp-block-group alignwide is-vertical is-nowrap is-layout-flex wp-container-core-group-is-layout-7946b6b8 wp-block-group-is-layout-flex\" style=\"padding-top:0;padding-right:0;padding-bottom:0;padding-left:0\">\n<div class=\"wp-block-columns alignwide is-layout-flex wp-container-core-columns-is-layout-21b20327 wp-block-columns-is-layout-flex\">\n<div class=\"wp-block-column is-layout-flow wp-block-column-is-layout-flow\" style=\"flex-basis:33.38%\">\n<div class=\"wp-block-group is-layout-flow wp-container-core-group-is-layout-6392cde1 wp-block-group-is-layout-flow\" style=\"padding-top:var(--wp--preset--spacing--64);padding-right:var(--wp--preset--spacing--64);padding-bottom:var(--wp--preset--spacing--64);padding-left:var(--wp--preset--spacing--64)\">\n<div class=\"wp-block-group is-layout-flow wp-block-group-is-layout-flow\">\n<div class=\"wp-block-group is-layout-flow wp-block-group-is-layout-flow\">\n<h2 class=\"wp-block-heading is-style-text-title-2 is-style-text-title-2--4\"><\/h2>\n\n\n\n<div class=\"wp-block-group has-global-padding is-layout-constrained wp-block-group-is-layout-constrained\">\n<p class=\"is-style-text-aware-1 is-style-text-subtitle-2 has-secondary-800-color has-text-color has-link-color has-compact-font-size wp-elements-405fa85000df21b370a9dc9540ef556b is-style-text-subtitle-2--5\">Au troisi\u00e8me niveau du ch\u00e2teau se trouvent des peintures murales remarquables, datant de la fin du XVIe si\u00e8cle et class\u00e9es Monuments historiques depuis 1989.<\/p>\n\n\n\n<p>Situ\u00e9es sous les combles, ces \u0153uvres d\u00e9corent une pi\u00e8ce aux dimensions modestes. Le plafond est orn\u00e9 de vases fleuris, d\u2019oiseaux et de motifs v\u00e9g\u00e9taux, inspir\u00e9s de la c\u00e9l\u00e8bre galerie d\u2019Ulysse \u00e0 Fontainebleau. Les poutres pr\u00e9sentent \u00e9galement des d\u00e9cors peints, o\u00f9 l\u2019on distingue notamment le blason de la famille de Bellissen.<\/p>\n\n\n\n<p>Sur les murs, deux grandes sc\u00e8nes mythologiques sont repr\u00e9sent\u00e9es : d\u2019un c\u00f4t\u00e9, le festin des noces de P\u00e9l\u00e9e et Th\u00e9tis, de l\u2019autre une sc\u00e8ne de l\u2019Iliade opposant Ulysse et Ajax autour des armes d\u2019Achille. Malgr\u00e9 l\u2019usure du temps, la finesse des visages, des gestes et des costumes t\u00e9moigne d\u2019un travail particuli\u00e8rement soign\u00e9.<\/p>\n<\/div>\n<\/div>\n<\/div>\n<\/div>\n<\/div>\n\n\n\n<div class=\"wp-block-column is-layout-flow wp-block-column-is-layout-flow\" style=\"flex-basis:33%\">\n<div style=\"height:2vw\" aria-hidden=\"true\" class=\"wp-block-spacer\"><\/div>\n\n\n\n<figure class=\"wp-block-image size-large\"><img loading=\"lazy\" decoding=\"async\" width=\"1024\" height=\"683\" src=\"https:\/\/www.malvesenminervois.fr\/wp-content\/uploads\/2026\/04\/malves-plafond-graph-d-devin-1024x683.jpg\" alt=\"\" class=\"wp-image-298\" srcset=\"https:\/\/www.malvesenminervois.fr\/wp-content\/uploads\/2026\/04\/malves-plafond-graph-d-devin-1024x683.jpg 1024w, https:\/\/www.malvesenminervois.fr\/wp-content\/uploads\/2026\/04\/malves-plafond-graph-d-devin-300x200.jpg 300w, https:\/\/www.malvesenminervois.fr\/wp-content\/uploads\/2026\/04\/malves-plafond-graph-d-devin-768x512.jpg 768w, https:\/\/www.malvesenminervois.fr\/wp-content\/uploads\/2026\/04\/malves-plafond-graph-d-devin-1536x1024.jpg 1536w, https:\/\/www.malvesenminervois.fr\/wp-content\/uploads\/2026\/04\/malves-plafond-graph-d-devin.jpg 1600w\" sizes=\"auto, (max-width: 1024px) 100vw, 1024px\" \/><\/figure>\n\n\n\n<figure class=\"wp-block-image size-large\"><img loading=\"lazy\" decoding=\"async\" width=\"1024\" height=\"768\" src=\"https:\/\/www.malvesenminervois.fr\/wp-content\/uploads\/2026\/04\/malves-plafond-1er-niveaugraph1d-devin-1024x768.jpg\" alt=\"\" class=\"wp-image-297\" srcset=\"https:\/\/www.malvesenminervois.fr\/wp-content\/uploads\/2026\/04\/malves-plafond-1er-niveaugraph1d-devin-1024x768.jpg 1024w, https:\/\/www.malvesenminervois.fr\/wp-content\/uploads\/2026\/04\/malves-plafond-1er-niveaugraph1d-devin-300x225.jpg 300w, https:\/\/www.malvesenminervois.fr\/wp-content\/uploads\/2026\/04\/malves-plafond-1er-niveaugraph1d-devin-768x576.jpg 768w, https:\/\/www.malvesenminervois.fr\/wp-content\/uploads\/2026\/04\/malves-plafond-1er-niveaugraph1d-devin-1536x1152.jpg 1536w, https:\/\/www.malvesenminervois.fr\/wp-content\/uploads\/2026\/04\/malves-plafond-1er-niveaugraph1d-devin.jpg 1600w\" sizes=\"auto, (max-width: 1024px) 100vw, 1024px\" \/><\/figure>\n<\/div>\n<\/div>\n\n\n\n<div class=\"wp-block-columns alignwide is-layout-flex wp-container-core-columns-is-layout-c24efe4f wp-block-columns-is-layout-flex\">\n<div class=\"wp-block-column is-layout-flow wp-block-column-is-layout-flow\" style=\"flex-basis:69%\">\n<figure class=\"wp-block-image size-large\"><img loading=\"lazy\" decoding=\"async\" width=\"1024\" height=\"768\" src=\"https:\/\/www.malvesenminervois.fr\/wp-content\/uploads\/2026\/04\/peintures-murales-3e-niveau-banquet-des-dieux-1024x768.jpg\" alt=\"\" class=\"wp-image-299\" style=\"aspect-ratio:1.4992579724652964\" srcset=\"https:\/\/www.malvesenminervois.fr\/wp-content\/uploads\/2026\/04\/peintures-murales-3e-niveau-banquet-des-dieux-1024x768.jpg 1024w, https:\/\/www.malvesenminervois.fr\/wp-content\/uploads\/2026\/04\/peintures-murales-3e-niveau-banquet-des-dieux-300x225.jpg 300w, https:\/\/www.malvesenminervois.fr\/wp-content\/uploads\/2026\/04\/peintures-murales-3e-niveau-banquet-des-dieux-768x576.jpg 768w, https:\/\/www.malvesenminervois.fr\/wp-content\/uploads\/2026\/04\/peintures-murales-3e-niveau-banquet-des-dieux-1536x1152.jpg 1536w, https:\/\/www.malvesenminervois.fr\/wp-content\/uploads\/2026\/04\/peintures-murales-3e-niveau-banquet-des-dieux.jpg 1600w\" sizes=\"auto, (max-width: 1024px) 100vw, 1024px\" \/><\/figure>\n<\/div>\n\n\n\n<div class=\"wp-block-column is-vertically-aligned-center is-layout-flow wp-block-column-is-layout-flow\" style=\"flex-basis:33%\">\n<p class=\"has-text-color\" style=\"color:#000000;font-size:clamp(14px, 0.875rem + ((1vw - 3.2px) * 0.294), 17px);\">Ces peintures auraient \u00e9t\u00e9 r\u00e9alis\u00e9es par un atelier de la fin du XVIe si\u00e8cle, probablement influenc\u00e9 par l\u2019\u00c9cole de Fontainebleau. \u00c0 cette \u00e9poque, plusieurs artistes pouvaient intervenir sur une m\u00eame \u0153uvre, chacun ayant sa sp\u00e9cialit\u00e9.<\/p>\n\n\n\n<p class=\"has-text-color\" style=\"color:#000000;font-size:clamp(14px, 0.875rem + ((1vw - 3.2px) * 0.294), 17px);\">Longtemps entour\u00e9e de myst\u00e8re, cette pi\u00e8ce a parfois \u00e9t\u00e9 associ\u00e9e \u00e0 des r\u00e9cits populaires. Elle correspond en r\u00e9alit\u00e9 \u00e0 un cabinet priv\u00e9, un espace intime destin\u00e9 \u00e0 recevoir et impressionner les invit\u00e9s.<\/p>\n\n\n\n<p class=\"has-text-color\" style=\"color:#000000;font-size:clamp(14px, 0.875rem + ((1vw - 3.2px) * 0.294), 17px);\">Plusieurs campagnes de restauration ont permis de pr\u00e9server cet ensemble, notamment entre 1997 et 2011, assurant aujourd\u2019hui sa mise en valeur et sa conservation.<\/p>\n<\/div>\n<\/div>\n<\/div>\n<\/div>\n<\/section>\n\n\n\n<section class=\"wp-block-group alignfull is-style-section-2 has-global-padding is-layout-constrained wp-block-group-is-layout-constrained is-style-section-2--6\" style=\"margin-top:0;margin-bottom:0;padding-top:var(--wp--preset--spacing--120);padding-bottom:var(--wp--preset--spacing--120)\">\n<div class=\"wp-block-group alignwide has-c-50-background-color has-background is-layout-flow wp-container-core-group-is-layout-6e9d347c wp-block-group-is-layout-flow\">\n<div class=\"wp-block-group is-layout-flow wp-block-group-is-layout-flow\">\n<div class=\"wp-block-columns is-layout-flex wp-container-core-columns-is-layout-46dc1dd9 wp-block-columns-is-layout-flex\">\n<div class=\"wp-block-column is-layout-flow wp-block-column-is-layout-flow\">\n<h2 class=\"wp-block-heading is-style-text-title-2 is-style-text-title-2--7\"><em>Perspectives<\/em><\/h2>\n<\/div>\n\n\n\n<div class=\"wp-block-column is-layout-flow wp-block-column-is-layout-flow\">\n<div class=\"wp-block-group has-tiny-font-size has-global-padding is-layout-constrained wp-block-group-is-layout-constrained\">\n<p class=\"has-minuscule-font-size\">La municipalit\u00e9 porte actuellement un projet structurant visant \u00e0 faire \u00e9merger, au c\u0153ur du village, un v\u00e9ritable espace d\u00e9di\u00e9 aux arts et \u00e0 la culture.<\/p>\n\n\n\n<p class=\"has-minuscule-font-size\">Ce lieu a vocation \u00e0 accueillir, \u00e0 terme, plusieurs disciplines compl\u00e9mentaires, avec notamment le d\u00e9veloppement d\u2019activit\u00e9s en arts plastiques et en musique, venant enrichir l\u2019offre existante d\u00e9j\u00e0 port\u00e9e par le centre chor\u00e9graphique de danse et la biblioth\u00e8que.<\/p>\n\n\n\n<p class=\"has-minuscule-font-size\">L\u2019emplacement s\u2019y pr\u00eate particuli\u00e8rement : \u00e0 proximit\u00e9 imm\u00e9diate se trouvent un caf\u00e9, un restaurant ainsi que des chambres d\u2019h\u00f4tes, contribuant \u00e0 cr\u00e9er un environnement vivant et attractif.<\/p>\n\n\n\n<p class=\"has-minuscule-font-size\">Le projet pr\u00e9voit \u00e9galement la mise en valeur des abords, avec la r\u00e9habilitation de la fontaine et la cr\u00e9ation d\u2019un lien naturel avec le parc attenant au ch\u00e2teau, aujourd\u2019hui lieu des principaux \u00e9v\u00e9nements communaux.<\/p>\n\n\n\n<p class=\"has-minuscule-font-size\">Inscrit dans les perspectives du mandat en cours, ce projet fera l\u2019objet d\u2019\u00e9tudes approfondies dans les mois \u00e0 venir.<\/p>\n<\/div>\n<\/div>\n<\/div>\n<\/div>\n<\/div>\n<\/section>\n","protected":false},"excerpt":{"rendered":"<p>Histoire Le ch\u00e2teau de Malves est un \u00e9difice de style Renaissance, organis\u00e9 autour d\u2019une grande b\u00e2tisse rectangulaire entour\u00e9e d\u2019un vaste parc. L\u2019ensemble est ceint d\u2019un mur de pierre du XVIe si\u00e8cle, perc\u00e9 d\u2019une entr\u00e9e monumentale ouvrant sur la cour d\u2019honneur. On y remarque notamment les quatre rangs de g\u00e9noise, signe du rang \u00e9lev\u00e9 de son [&hellip;]<\/p>\n","protected":false},"author":1,"featured_media":0,"parent":0,"menu_order":0,"comment_status":"closed","ping_status":"closed","template":"","meta":{"footnotes":""},"class_list":["post-283","page","type-page","status-publish","hentry"],"_links":{"self":[{"href":"https:\/\/www.malvesenminervois.fr\/index.php\/wp-json\/wp\/v2\/pages\/283","targetHints":{"allow":["GET"]}}],"collection":[{"href":"https:\/\/www.malvesenminervois.fr\/index.php\/wp-json\/wp\/v2\/pages"}],"about":[{"href":"https:\/\/www.malvesenminervois.fr\/index.php\/wp-json\/wp\/v2\/types\/page"}],"author":[{"embeddable":true,"href":"https:\/\/www.malvesenminervois.fr\/index.php\/wp-json\/wp\/v2\/users\/1"}],"replies":[{"embeddable":true,"href":"https:\/\/www.malvesenminervois.fr\/index.php\/wp-json\/wp\/v2\/comments?post=283"}],"version-history":[{"count":8,"href":"https:\/\/www.malvesenminervois.fr\/index.php\/wp-json\/wp\/v2\/pages\/283\/revisions"}],"predecessor-version":[{"id":365,"href":"https:\/\/www.malvesenminervois.fr\/index.php\/wp-json\/wp\/v2\/pages\/283\/revisions\/365"}],"wp:attachment":[{"href":"https:\/\/www.malvesenminervois.fr\/index.php\/wp-json\/wp\/v2\/media?parent=283"}],"curies":[{"name":"wp","href":"https:\/\/api.w.org\/{rel}","templated":true}]}}