{"id":285,"date":"2026-04-06T20:38:01","date_gmt":"2026-04-06T18:38:01","guid":{"rendered":"https:\/\/www.malvesenminervois.fr\/?page_id=285"},"modified":"2026-04-07T08:13:42","modified_gmt":"2026-04-07T06:13:42","slug":"le-menhir","status":"publish","type":"page","link":"https:\/\/www.malvesenminervois.fr\/index.php\/le-menhir\/","title":{"rendered":"Le Menhir"},"content":{"rendered":"\n<section class=\"wp-block-group alignfull is-style-default is-layout-flow wp-block-group-is-layout-flow\" style=\"margin-top:0;margin-bottom:0;padding-top:0;padding-bottom:0\">\n<div class=\"wp-block-group alignfull has-background is-layout-flow wp-block-group-is-layout-flow\" style=\"background-color:#fac40066;padding-top:6vw;padding-right:6vw;padding-bottom:6vw;padding-left:6vw\">\n<div class=\"wp-block-group is-vertical is-nowrap is-layout-flex wp-container-core-group-is-layout-36fd9ea3 wp-block-group-is-layout-flex\" style=\"padding-right:0;padding-left:0\">\n<h6 class=\"wp-block-heading has-text-color\" id=\"ecosystem\" style=\"color:#000000;font-size:clamp(14px, 0.875rem + ((1vw - 3.2px) * 0.196), 16px);\">\u00c9COSYST\u00c8ME<\/h6>\n\n\n\n<p class=\"has-text-color\" style=\"color:#000000;font-size:6vw;font-style:normal;font-weight:700;letter-spacing:0px;line-height:0.9;text-decoration:none;text-transform:none\">Peiro Ficado<\/p>\n<\/div>\n\n\n\n<div style=\"height:1vw\" aria-hidden=\"true\" class=\"wp-block-spacer\"><\/div>\n\n\n\n<div class=\"wp-block-group alignwide is-vertical is-nowrap is-layout-flex wp-container-core-group-is-layout-7946b6b8 wp-block-group-is-layout-flex\" style=\"padding-top:0;padding-right:0;padding-bottom:0;padding-left:0\">\n<div class=\"wp-block-columns alignwide is-layout-flex wp-container-core-columns-is-layout-21b20327 wp-block-columns-is-layout-flex\">\n<div class=\"wp-block-column is-layout-flow wp-block-column-is-layout-flow\" style=\"flex-basis:33.38%\">\n<p class=\"has-text-color\" style=\"color:#000000;font-size:clamp(14px, 0.875rem + ((1vw - 3.2px) * 0.294), 17px);\">Situ\u00e9 \u00e0 environ 500 m\u00e8tres \u00e0 l\u2019ouest du village, sur une hauteur dominant la rive droite de la Clamoux, le menhir de Malves, appel\u00e9 \u00ab Peiro Ficado \u00bb (pierre plant\u00e9e), est l\u2019un des m\u00e9galithes les plus anciens connus de la r\u00e9gion.<\/p>\n\n\n\n<p>Mentionn\u00e9 d\u00e8s 1818, il a fait l\u2019objet de plusieurs \u00e9tudes au XIXe si\u00e8cle, t\u00e9moignant de l\u2019int\u00e9r\u00eat port\u00e9 tr\u00e8s t\u00f4t \u00e0 ce monument.<\/p>\n\n\n\n<p>L\u00e9g\u00e8rement inclin\u00e9 vers le sud-est, ce menhir impressionne par ses dimensions : pr\u00e8s de 5 m\u00e8tres visibles hors du sol, pour une hauteur totale estim\u00e9e \u00e0 plus de 8 m\u00e8tres. Taill\u00e9 dans le gr\u00e8s local, il compte parmi les plus grands du d\u00e9partement.<\/p>\n\n\n\n<p>Restaur\u00e9 en 1964, il s\u2019inscrit dans la tradition des monuments m\u00e9galithiques, dont l\u2019origine et la fonction restent encore partiellement myst\u00e9rieuses.<\/p>\n\n\n\n<p>Aujourd\u2019hui, il constitue un \u00e9l\u00e9ment embl\u00e9matique du patrimoine de Malves-en-Minervois.<\/p>\n\n\n\n<hr class=\"wp-block-separator has-alpha-channel-opacity\"\/>\n<\/div>\n\n\n\n<div class=\"wp-block-column is-layout-flow wp-block-column-is-layout-flow\" style=\"flex-basis:33%\">\n<div style=\"height:2vw\" aria-hidden=\"true\" class=\"wp-block-spacer\"><\/div>\n\n\n\n<figure class=\"wp-block-image size-large\"><img loading=\"lazy\" decoding=\"async\" width=\"1024\" height=\"576\" src=\"https:\/\/www.malvesenminervois.fr\/wp-content\/uploads\/2026\/04\/DJI_0074-1024x576.jpg\" alt=\"\" class=\"wp-image-324\" srcset=\"https:\/\/www.malvesenminervois.fr\/wp-content\/uploads\/2026\/04\/DJI_0074-1024x576.jpg 1024w, https:\/\/www.malvesenminervois.fr\/wp-content\/uploads\/2026\/04\/DJI_0074-300x169.jpg 300w, https:\/\/www.malvesenminervois.fr\/wp-content\/uploads\/2026\/04\/DJI_0074-768x432.jpg 768w, https:\/\/www.malvesenminervois.fr\/wp-content\/uploads\/2026\/04\/DJI_0074-1536x864.jpg 1536w, https:\/\/www.malvesenminervois.fr\/wp-content\/uploads\/2026\/04\/DJI_0074-2048x1152.jpg 2048w\" sizes=\"auto, (max-width: 1024px) 100vw, 1024px\" \/><\/figure>\n\n\n\n<figure class=\"wp-block-image size-large\"><img loading=\"lazy\" decoding=\"async\" width=\"1024\" height=\"576\" src=\"https:\/\/www.malvesenminervois.fr\/wp-content\/uploads\/2026\/04\/DJI_0079-1024x576.jpg\" alt=\"\" class=\"wp-image-325\" srcset=\"https:\/\/www.malvesenminervois.fr\/wp-content\/uploads\/2026\/04\/DJI_0079-1024x576.jpg 1024w, https:\/\/www.malvesenminervois.fr\/wp-content\/uploads\/2026\/04\/DJI_0079-300x169.jpg 300w, https:\/\/www.malvesenminervois.fr\/wp-content\/uploads\/2026\/04\/DJI_0079-768x432.jpg 768w, https:\/\/www.malvesenminervois.fr\/wp-content\/uploads\/2026\/04\/DJI_0079-1536x864.jpg 1536w, https:\/\/www.malvesenminervois.fr\/wp-content\/uploads\/2026\/04\/DJI_0079-2048x1152.jpg 2048w\" sizes=\"auto, (max-width: 1024px) 100vw, 1024px\" \/><\/figure>\n<\/div>\n<\/div>\n\n\n\n<div class=\"wp-block-columns alignwide is-layout-flex wp-container-core-columns-is-layout-c24efe4f wp-block-columns-is-layout-flex\">\n<div class=\"wp-block-column is-layout-flow wp-block-column-is-layout-flow\" style=\"flex-basis:69%\">\n<figure class=\"wp-block-image size-large\"><img loading=\"lazy\" decoding=\"async\" width=\"1024\" height=\"576\" src=\"https:\/\/www.malvesenminervois.fr\/wp-content\/uploads\/2026\/04\/DJI_0086-1024x576.jpg\" alt=\"\" class=\"wp-image-326\" srcset=\"https:\/\/www.malvesenminervois.fr\/wp-content\/uploads\/2026\/04\/DJI_0086-1024x576.jpg 1024w, https:\/\/www.malvesenminervois.fr\/wp-content\/uploads\/2026\/04\/DJI_0086-300x169.jpg 300w, https:\/\/www.malvesenminervois.fr\/wp-content\/uploads\/2026\/04\/DJI_0086-768x432.jpg 768w, https:\/\/www.malvesenminervois.fr\/wp-content\/uploads\/2026\/04\/DJI_0086-1536x864.jpg 1536w, https:\/\/www.malvesenminervois.fr\/wp-content\/uploads\/2026\/04\/DJI_0086-2048x1152.jpg 2048w\" sizes=\"auto, (max-width: 1024px) 100vw, 1024px\" \/><\/figure>\n<\/div>\n<\/div>\n<\/div>\n<\/div>\n<\/section>\n","protected":false},"excerpt":{"rendered":"<p>\u00c9COSYST\u00c8ME Peiro Ficado Situ\u00e9 \u00e0 environ 500 m\u00e8tres \u00e0 l\u2019ouest du village, sur une hauteur dominant la rive droite de la Clamoux, le menhir de Malves, appel\u00e9 \u00ab Peiro Ficado \u00bb (pierre plant\u00e9e), est l\u2019un des m\u00e9galithes les plus anciens connus de la r\u00e9gion. Mentionn\u00e9 d\u00e8s 1818, il a fait l\u2019objet de plusieurs \u00e9tudes au [&hellip;]<\/p>\n","protected":false},"author":1,"featured_media":0,"parent":0,"menu_order":0,"comment_status":"closed","ping_status":"closed","template":"","meta":{"footnotes":""},"class_list":["post-285","page","type-page","status-publish","hentry"],"_links":{"self":[{"href":"https:\/\/www.malvesenminervois.fr\/index.php\/wp-json\/wp\/v2\/pages\/285","targetHints":{"allow":["GET"]}}],"collection":[{"href":"https:\/\/www.malvesenminervois.fr\/index.php\/wp-json\/wp\/v2\/pages"}],"about":[{"href":"https:\/\/www.malvesenminervois.fr\/index.php\/wp-json\/wp\/v2\/types\/page"}],"author":[{"embeddable":true,"href":"https:\/\/www.malvesenminervois.fr\/index.php\/wp-json\/wp\/v2\/users\/1"}],"replies":[{"embeddable":true,"href":"https:\/\/www.malvesenminervois.fr\/index.php\/wp-json\/wp\/v2\/comments?post=285"}],"version-history":[{"count":4,"href":"https:\/\/www.malvesenminervois.fr\/index.php\/wp-json\/wp\/v2\/pages\/285\/revisions"}],"predecessor-version":[{"id":328,"href":"https:\/\/www.malvesenminervois.fr\/index.php\/wp-json\/wp\/v2\/pages\/285\/revisions\/328"}],"wp:attachment":[{"href":"https:\/\/www.malvesenminervois.fr\/index.php\/wp-json\/wp\/v2\/media?parent=285"}],"curies":[{"name":"wp","href":"https:\/\/api.w.org\/{rel}","templated":true}]}}