{"id":286,"date":"2026-04-06T20:38:48","date_gmt":"2026-04-06T18:38:48","guid":{"rendered":"https:\/\/www.malvesenminervois.fr\/?page_id=286"},"modified":"2026-04-07T08:17:05","modified_gmt":"2026-04-07T06:17:05","slug":"les-capitelles","status":"publish","type":"page","link":"https:\/\/www.malvesenminervois.fr\/index.php\/les-capitelles\/","title":{"rendered":"Les capitelles"},"content":{"rendered":"\n<div class=\"wp-block-group alignfull has-background is-layout-flow wp-block-group-is-layout-flow\" style=\"background-color:#f5eac1;padding-top:6vw;padding-right:6vw;padding-bottom:6vw;padding-left:6vw\">\n<div class=\"wp-block-group alignwide is-vertical is-nowrap is-layout-flex wp-container-core-group-is-layout-7946b6b8 wp-block-group-is-layout-flex\" style=\"padding-top:0;padding-right:0;padding-bottom:0;padding-left:0\">\n<div class=\"wp-block-columns alignwide is-layout-flex wp-container-core-columns-is-layout-21b20327 wp-block-columns-is-layout-flex\">\n<div class=\"wp-block-column is-layout-flow wp-block-column-is-layout-flow\" style=\"flex-basis:33.38%\">\n<p class=\"has-text-color\" style=\"color:#000000;font-size:clamp(14px, 0.875rem + ((1vw - 3.2px) * 0.294), 17px);\">Les cabanes en pierre s\u00e8che, appel\u00e9es localement capitelles, font partie du patrimoine rural du Minervois. Si leur technique de construction est tr\u00e8s ancienne, remontant \u00e0 plusieurs mill\u00e9naires, la plupart de ces \u00e9difices ont \u00e9t\u00e9 construits entre le XVIIIe et le XIXe si\u00e8cle par les agriculteurs.<\/p>\n\n\n\n<p>Issues de l\u2019\u00e9pierrement des terres, ces constructions utilisaient les pierres extraites des sols pour am\u00e9nager terrasses, murets et abris. Les capitelles servaient ainsi de refuges pour les hommes, les outils ou les r\u00e9coltes, dans des zones souvent \u00e9loign\u00e9es du village.<\/p>\n\n\n\n<p>\u00c0 Malves-en-Minervois, plusieurs capitelles sont visibles sur les hauteurs du village, notamment le long du circuit signal\u00e9 depuis la rue Trencavel. B\u00e2ties en pierre locale, elles se distinguent par leurs murs \u00e9pais, leur ouverture orient\u00e9e au sud et leur toiture en vo\u00fbte, r\u00e9alis\u00e9e sans mortier selon la technique de l\u2019encorbellement.<\/p>\n\n\n\n<p class=\"has-text-color\" style=\"color:#000000;font-size:clamp(14px, 0.875rem + ((1vw - 3.2px) * 0.294), 17px);\">Simples et ing\u00e9nieuses, ces constructions t\u00e9moignent du savoir-faire et des conditions de vie rurales d\u2019autrefois.<\/p>\n<\/div>\n\n\n\n<div class=\"wp-block-column is-layout-flow wp-block-column-is-layout-flow\" style=\"flex-basis:33%\">\n<div style=\"height:2vw\" aria-hidden=\"true\" class=\"wp-block-spacer\"><\/div>\n\n\n\n<figure class=\"wp-block-image size-full\"><img loading=\"lazy\" decoding=\"async\" width=\"1024\" height=\"768\" src=\"https:\/\/www.malvesenminervois.fr\/wp-content\/uploads\/2026\/04\/4-malves-ses-capitelles.jpg\" alt=\"\" class=\"wp-image-330\" srcset=\"https:\/\/www.malvesenminervois.fr\/wp-content\/uploads\/2026\/04\/4-malves-ses-capitelles.jpg 1024w, https:\/\/www.malvesenminervois.fr\/wp-content\/uploads\/2026\/04\/4-malves-ses-capitelles-300x225.jpg 300w, https:\/\/www.malvesenminervois.fr\/wp-content\/uploads\/2026\/04\/4-malves-ses-capitelles-768x576.jpg 768w\" sizes=\"auto, (max-width: 1024px) 100vw, 1024px\" \/><\/figure>\n\n\n\n<figure class=\"wp-block-image size-full\"><img loading=\"lazy\" decoding=\"async\" width=\"1024\" height=\"680\" src=\"https:\/\/www.malvesenminervois.fr\/wp-content\/uploads\/2026\/04\/url-2.jpg\" alt=\"\" class=\"wp-image-331\" srcset=\"https:\/\/www.malvesenminervois.fr\/wp-content\/uploads\/2026\/04\/url-2.jpg 1024w, https:\/\/www.malvesenminervois.fr\/wp-content\/uploads\/2026\/04\/url-2-300x199.jpg 300w, https:\/\/www.malvesenminervois.fr\/wp-content\/uploads\/2026\/04\/url-2-768x510.jpg 768w\" sizes=\"auto, (max-width: 1024px) 100vw, 1024px\" \/><\/figure>\n<\/div>\n<\/div>\n\n\n\n<div class=\"wp-block-columns alignwide is-layout-flex wp-container-core-columns-is-layout-c24efe4f wp-block-columns-is-layout-flex\">\n<div class=\"wp-block-column is-layout-flow wp-block-column-is-layout-flow\" style=\"flex-basis:69%\"><\/div>\n<\/div>\n<\/div>\n<\/div>\n","protected":false},"excerpt":{"rendered":"<p>Les cabanes en pierre s\u00e8che, appel\u00e9es localement capitelles, font partie du patrimoine rural du Minervois. Si leur technique de construction est tr\u00e8s ancienne, remontant \u00e0 plusieurs mill\u00e9naires, la plupart de ces \u00e9difices ont \u00e9t\u00e9 construits entre le XVIIIe et le XIXe si\u00e8cle par les agriculteurs. Issues de l\u2019\u00e9pierrement des terres, ces constructions utilisaient les pierres [&hellip;]<\/p>\n","protected":false},"author":1,"featured_media":0,"parent":0,"menu_order":0,"comment_status":"closed","ping_status":"closed","template":"","meta":{"footnotes":""},"class_list":["post-286","page","type-page","status-publish","hentry"],"_links":{"self":[{"href":"https:\/\/www.malvesenminervois.fr\/index.php\/wp-json\/wp\/v2\/pages\/286","targetHints":{"allow":["GET"]}}],"collection":[{"href":"https:\/\/www.malvesenminervois.fr\/index.php\/wp-json\/wp\/v2\/pages"}],"about":[{"href":"https:\/\/www.malvesenminervois.fr\/index.php\/wp-json\/wp\/v2\/types\/page"}],"author":[{"embeddable":true,"href":"https:\/\/www.malvesenminervois.fr\/index.php\/wp-json\/wp\/v2\/users\/1"}],"replies":[{"embeddable":true,"href":"https:\/\/www.malvesenminervois.fr\/index.php\/wp-json\/wp\/v2\/comments?post=286"}],"version-history":[{"count":2,"href":"https:\/\/www.malvesenminervois.fr\/index.php\/wp-json\/wp\/v2\/pages\/286\/revisions"}],"predecessor-version":[{"id":332,"href":"https:\/\/www.malvesenminervois.fr\/index.php\/wp-json\/wp\/v2\/pages\/286\/revisions\/332"}],"wp:attachment":[{"href":"https:\/\/www.malvesenminervois.fr\/index.php\/wp-json\/wp\/v2\/media?parent=286"}],"curies":[{"name":"wp","href":"https:\/\/api.w.org\/{rel}","templated":true}]}}