{"id":521,"date":"2026-04-14T11:25:27","date_gmt":"2026-04-14T09:25:27","guid":{"rendered":"https:\/\/www.malvesenminervois.fr\/?page_id=521"},"modified":"2026-04-14T11:25:27","modified_gmt":"2026-04-14T09:25:27","slug":"mentions-legales","status":"publish","type":"page","link":"https:\/\/www.malvesenminervois.fr\/index.php\/mentions-legales\/","title":{"rendered":"Mentions L\u00e9gales"},"content":{"rendered":"\n<p><strong>Cr\u00e9ation et maintenance<\/strong><\/p>\n\n\n\n<p>Site r\u00e9alis\u00e9 et maintenu par : <a href=\"https:\/\/www.acute-games.com\/\">Acute Games SAS<\/a><\/p>\n\n\n\n<p><strong>H\u00e9bergement<\/strong><\/p>\n\n\n\n<p>H\u00e9bergement assur\u00e9 par : OVHcloud<\/p>\n\n\n\n<p>2 rue Kellermann<\/p>\n\n\n\n<p>59100 Roubaix \u2013 France<\/p>\n\n\n\n<p>Site : www.ovhcloud.com<\/p>\n\n\n\n<p><strong>Directeur de publication<\/strong><\/p>\n\n\n\n<p>Le directeur de publication est : Le Maire de Malves-en-Minervois<\/p>\n\n\n\n<p><strong>\u00c9diteur du site<\/strong><\/p>\n\n\n\n<p>Mairie de Malves-en-Minervois<\/p>\n\n\n\n<p>T\u00e9l\u00e9phone : 04 68 77 12 43<\/p>\n\n\n\n<p>Email : mairie@malvesenminervois.fr<\/p>\n\n\n\n<p>SIRET : 211 102 157 00016<\/p>\n\n\n\n<p><strong>Propri\u00e9t\u00e9 intellectuelle<\/strong><\/p>\n\n\n\n<p>Le pr\u00e9sent site est la propri\u00e9t\u00e9 exclusive de la Mairie de Malves-en-Minervois.<\/p>\n\n\n\n<p>L\u2019ensemble des contenus pr\u00e9sents sur ce site (textes, images, graphismes, logo, etc.) est prot\u00e9g\u00e9 par le droit d\u2019auteur et les dispositions du Code de la propri\u00e9t\u00e9 intellectuelle.<\/p>\n\n\n\n<p>Toute reproduction, m\u00eame partielle, est interdite sans autorisation pr\u00e9alable<\/p>\n\n\n\n<p>Une utilisation \u00e0 des fins strictement personnelles est tol\u00e9r\u00e9e<\/p>\n\n\n\n<p>Toute exploitation commerciale ou modification est interdite<\/p>\n\n\n\n<p>Toute utilisation non autoris\u00e9e est susceptible de constituer une contrefa\u00e7on.<\/p>\n\n\n\n<p><strong>Droits d\u2019auteur<\/strong><\/p>\n\n\n\n<p>La reproduction ou repr\u00e9sentation, totale ou partielle, de tout \u00e9l\u00e9ment du site, par quelque proc\u00e9d\u00e9 que ce soit, sans autorisation de l\u2019\u00e9diteur, est interdite et constitue une contrefa\u00e7on.<\/p>\n\n\n\n<p><strong>Limitation de responsabilit\u00e9<\/strong><\/p>\n\n\n\n<p>La mairie de Malves-en-Minervois s\u2019efforce de fournir des informations fiables et \u00e0 jour.<\/p>\n\n\n\n<p>Toutefois :<\/p>\n\n\n\n<p>elle ne garantit pas l\u2019exactitude, la compl\u00e9tude ou l\u2019actualit\u00e9 des informations<\/p>\n\n\n\n<p>elle ne pourra \u00eatre tenue responsable de l\u2019usage fait des informations pr\u00e9sentes sur le site<\/p>\n\n\n\n<p>elle d\u00e9cline toute responsabilit\u00e9 concernant les contenus accessibles via des liens externes<\/p>\n\n\n\n<p><strong>Respect de la vie priv\u00e9e<\/strong><\/p>\n\n\n\n<p>Pour toute information relative \u00e0 la collecte et au traitement des donn\u00e9es personnelles, veuillez consulter notre politique de confidentialit\u00e9.<\/p>\n\n\n\n<p><strong>Liens hypertextes<\/strong><\/p>\n\n\n\n<p>Toute cr\u00e9ation de lien hypertexte vers le site doit faire l\u2019objet d\u2019une autorisation pr\u00e9alable de la mairie.<\/p>\n\n\n\n<p>Le lien devra :<\/p>\n\n\n\n<p>pointer vers une page identifiable du site<\/p>\n\n\n\n<p>s\u2019ouvrir dans une nouvelle fen\u00eatre<\/p>\n\n\n\n<p>ne pas porter atteinte \u00e0 l\u2019image de la collectivit\u00e9<\/p>\n\n\n\n<p><strong>Cr\u00e9dits<\/strong><\/p>\n\n\n\n<p>Site con\u00e7u et d\u00e9velopp\u00e9 par Acute Games SAS<\/p>\n\n\n\n<p>Logo cr\u00e9\u00e9 par Frank Calico, pour Acute Games<\/p>\n","protected":false},"excerpt":{"rendered":"<p>Cr\u00e9ation et maintenance Site r\u00e9alis\u00e9 et maintenu par : Acute Games SAS H\u00e9bergement H\u00e9bergement assur\u00e9 par : OVHcloud 2 rue Kellermann 59100 Roubaix \u2013 France Site : www.ovhcloud.com Directeur de publication Le directeur de publication est : Le Maire de Malves-en-Minervois \u00c9diteur du site Mairie de Malves-en-Minervois T\u00e9l\u00e9phone : 04 68 77 12 43 Email [&hellip;]<\/p>\n","protected":false},"author":1,"featured_media":0,"parent":0,"menu_order":0,"comment_status":"closed","ping_status":"closed","template":"","meta":{"footnotes":""},"class_list":["post-521","page","type-page","status-publish","hentry"],"_links":{"self":[{"href":"https:\/\/www.malvesenminervois.fr\/index.php\/wp-json\/wp\/v2\/pages\/521","targetHints":{"allow":["GET"]}}],"collection":[{"href":"https:\/\/www.malvesenminervois.fr\/index.php\/wp-json\/wp\/v2\/pages"}],"about":[{"href":"https:\/\/www.malvesenminervois.fr\/index.php\/wp-json\/wp\/v2\/types\/page"}],"author":[{"embeddable":true,"href":"https:\/\/www.malvesenminervois.fr\/index.php\/wp-json\/wp\/v2\/users\/1"}],"replies":[{"embeddable":true,"href":"https:\/\/www.malvesenminervois.fr\/index.php\/wp-json\/wp\/v2\/comments?post=521"}],"version-history":[{"count":1,"href":"https:\/\/www.malvesenminervois.fr\/index.php\/wp-json\/wp\/v2\/pages\/521\/revisions"}],"predecessor-version":[{"id":522,"href":"https:\/\/www.malvesenminervois.fr\/index.php\/wp-json\/wp\/v2\/pages\/521\/revisions\/522"}],"wp:attachment":[{"href":"https:\/\/www.malvesenminervois.fr\/index.php\/wp-json\/wp\/v2\/media?parent=521"}],"curies":[{"name":"wp","href":"https:\/\/api.w.org\/{rel}","templated":true}]}}